{"id":47,"date":"2024-11-22T06:00:02","date_gmt":"2024-11-22T11:00:02","guid":{"rendered":"https:\/\/staging-colombia.mapbiomas.org\/?page_id=47"},"modified":"2025-11-25T08:34:09","modified_gmt":"2025-11-25T13:34:09","slug":"herramientas","status":"publish","type":"page","link":"https:\/\/colombia.mapbiomas.org\/en\/herramientas\/","title":{"rendered":"Tools"},"content":{"rendered":"<h4 class=\"wp-block-heading\"><strong>TOOLKIT<\/strong><\/h4>\n\n\n\n<p>To simplify access to MapBiomas coverage and transition data by year, a specialized toolkit was created. This tool enables users to export data for specific areas of interest, such as biomes, countries, provinces, municipalities, watersheds, protected areas, or indigenous territories.<\/p>\n\n\n\n<p>Access the <a href=\"https:\/\/colombia.mapbiomas.org\/en\/videos\/\">tutorial video<\/a> to learn how to use the toolkit. The following data are currently available:<\/p>\n\n\n\n<ul>\n<li><a href=\"https:\/\/code.earthengine.google.com\/?scriptPath=users%2Fmapbiomascolombia%2Fuser-toolkit%3Amapbiomas-user-toolkit-lulc.js\" data-type=\"URL\" data-id=\"https:\/\/code.earthengine.google.com\/?scriptPath=users%2Fmapbiomascolombia%2Fuser-toolkit%3Amapbiomas-user-toolkit-lulc.js\">Land Use and Coverage Maps<\/a><\/li>\n\n\n\n<li><a href=\"https:\/\/code.earthengine.google.com\/bdb797e2750e45c1a865e805702013cc?accept_repo=users%2Fmapbiomas%2Fuser-toolkit&amp;noload=true\" data-type=\"URL\" data-id=\"https:\/\/code.earthengine.google.com\/bdb797e2750e45c1a865e805702013cc?accept_repo=users%2Fmapbiomas%2Fuser-toolkit&amp;noload=true\">Area Calculation<\/a><\/li>\n\n\n\n<li><a href=\"https:\/\/code.earthengine.google.com\/?scriptPath=users%2Fmapbiomascolombia%2Fuser-toolkit%3Amapbiomas-water-user-toolkit-lulc.js\" target=\"_blank\" rel=\"noreferrer noopener\">Mapas de superficie d<\/a><a href=\"https:\/\/code.earthengine.google.com\/?scriptPath=users%2Fmapbiomascolombia%2Fuser-toolkit%3Amapbiomas-water-user-toolkit-lulc.js\">e<strong> <\/strong>agua<\/a><\/li>\n<\/ul>\n\n\n\n<h4 class=\"wp-block-heading\"><strong>GOOGLE EARTH ENGINE<\/strong><\/h4>\n\n\n\n<p>MapBiomas uses the&nbsp; <strong>Google Earth Engine<\/strong>. We provide the scripts to facilitate the access to the MapBiomas map collections.<\/p>\n\n\n\n<p>To access and run follow the following instructions:<\/p>\n\n\n\n<ul>\n<li>With a Gmail account sign up for the Google Earth Engine Platform through this link<a href=\"https:\/\/earthengine.google.com\/\"> https:\/\/earthengine.google.com<\/a><\/li>\n\n\n\n<li>A confirmation email will immediately arrive to access the platform.&nbsp;<\/li>\n\n\n\n<li>Upon receiving the confirmation notification, enter the link of the scripts you want to run.<\/li>\n\n\n\n<li>Adjust the parameters according to the requirement to obtain the desired map.<\/li>\n<\/ul>\n\n\n\n<p>We encourage users to send us their suggestions so we can constantly improve it.<\/p>\n\n\n\n<figure class=\"wp-block-image size-large\"><img decoding=\"async\" src=\"https:\/\/colombia.mapbiomas.org\/wp-content\/uploads\/sites\/3\/2023\/11\/pasted-image-0-1.png\" alt=\"\"\/><\/figure>\n\n\n\n<p><strong>Access to MapBiomas collection on Google Earth Engine<\/strong><\/p>\n\n\n\n<p>Images and Maps collections are available to be accessed as an asset directly from Google Earth Engine, without the need to download or upload data. Here are the available products and their access IDs in Google Earth Engine:<\/p>\n\n\n\n<ul>\n<li><strong>Mapas integrados finales de la Colecci\u00f3n 3.0 de&nbsp; MapBiomas Colombia<\/strong><\/li>\n<\/ul>\n\n\n\n<p>projects\/mapbiomas-colombia\/assets\/LULC\/COLECCION3\/INTEGRACION\/COLOMBIA-1<\/p>\n\n\n\n<ul>\n<li><strong>Mapas de transici\u00f3n entre a\u00f1os seleccionados de la Colecci\u00f3n 3.0 de&nbsp; MapBiomas Colombia<\/strong><\/li>\n<\/ul>\n\n\n\n<p>projects\/mapbiomas-colombia\/assets\/LULC\/COLECCION3\/INTEGRACION\/mapbiomas_colombia_collection3_transitions_v1<\/p>\n\n\n\n<ul>\n<li><strong>Mosaico de Im\u00e1genes Landsat para cada a\u00f1o de la Colecci\u00f3n 3.0 de&nbsp; MapBiomas Colombia<\/strong><\/li>\n<\/ul>\n\n\n\n<p>projects\/mapbiomas-colombia\/assets\/MOSAICOS\/mosaics-3-ct<\/p>\n\n\n\n<p>projects\/mapbiomas-raisg\/MOSAICOS\/mosaics-6<\/p>\n\n\n\n<p>projects\/mapbiomas-colombia\/assets\/MOSAICOS\/mosaics-3<\/p>\n\n\n\n<p>projects\/mapbiomas-raisg\/MOSAICOS\/col-amazonia-pathrow<\/p>","protected":false},"excerpt":{"rendered":"<p>TOOLKIT Para facilitar el acceso a los datos de MapBiomas Colombia sobre coberturas y transiciones anuales, se ha creado un toolkit para el proyecto. A trav\u00e9s de este toolkit, disponible en Google Earth Engine, es posible exportar los datos de las colecciones por l\u00edmite de: bioma, departamento, municipio, cuenca hidrogr\u00e1fica, entre otros, de acuerdo con [&hellip;]<\/p>","protected":false},"author":2,"featured_media":0,"parent":0,"menu_order":0,"comment_status":"closed","ping_status":"closed","template":"","meta":{"_uag_custom_page_level_css":""},"acf":[],"uagb_featured_image_src":{"full":false,"thumbnail":false,"medium":false,"medium_large":false,"large":false,"1536x1536":false,"2048x2048":false,"trp-custom-language-flag":false,"infographic":false,"team":false},"uagb_author_info":{"display_name":"Adriel Fernandes","author_link":"https:\/\/colombia.mapbiomas.org\/en\/author\/adriel-fernandes\/"},"uagb_comment_info":0,"uagb_excerpt":"TOOLKIT Para facilitar el acceso a los datos de MapBiomas Colombia sobre coberturas y transiciones anuales, se ha creado un toolkit para el proyecto. A trav\u00e9s de este toolkit, disponible en Google Earth Engine, es posible exportar los datos de las colecciones por l\u00edmite de: bioma, departamento, municipio, cuenca hidrogr\u00e1fica, entre otros, de acuerdo con&hellip;","_links":{"self":[{"href":"https:\/\/colombia.mapbiomas.org\/en\/wp-json\/wp\/v2\/pages\/47"}],"collection":[{"href":"https:\/\/colombia.mapbiomas.org\/en\/wp-json\/wp\/v2\/pages"}],"about":[{"href":"https:\/\/colombia.mapbiomas.org\/en\/wp-json\/wp\/v2\/types\/page"}],"author":[{"embeddable":true,"href":"https:\/\/colombia.mapbiomas.org\/en\/wp-json\/wp\/v2\/users\/2"}],"replies":[{"embeddable":true,"href":"https:\/\/colombia.mapbiomas.org\/en\/wp-json\/wp\/v2\/comments?post=47"}],"version-history":[{"count":21,"href":"https:\/\/colombia.mapbiomas.org\/en\/wp-json\/wp\/v2\/pages\/47\/revisions"}],"predecessor-version":[{"id":1798,"href":"https:\/\/colombia.mapbiomas.org\/en\/wp-json\/wp\/v2\/pages\/47\/revisions\/1798"}],"wp:attachment":[{"href":"https:\/\/colombia.mapbiomas.org\/en\/wp-json\/wp\/v2\/media?parent=47"}],"curies":[{"name":"wp","href":"https:\/\/api.w.org\/{rel}","templated":true}]}}