{"id":45,"date":"2024-11-22T06:00:01","date_gmt":"2024-11-22T11:00:01","guid":{"rendered":"https:\/\/staging-colombia.mapbiomas.org\/?page_id=45"},"modified":"2024-11-22T14:39:20","modified_gmt":"2024-11-22T19:39:20","slug":"descripcion-general-de-la-metodologia-2","status":"publish","type":"page","link":"https:\/\/colombia.mapbiomas.org\/en\/descripcion-general-de-la-metodologia-2\/","title":{"rendered":"General methodology description"},"content":{"rendered":"<p><strong>KNOW THE STEPS OF THE MAPBIOMAS COLOMBIA METHODOLOGY<\/strong><\/p>\n\n\n\n<p>Here you will find the main characteristics, the way to organize the methodological flow and a general description of the MapBiomas Colombia methodology used to generate land cover and use maps and land use transition\/change maps.<\/p>\n\n\n\n<p>You can access the ATBD (Theoretical Base Document on Algorithms) with the full description of the methodology and algorithms by accessing the link below:<\/p>\n\n\n\n<p><a href=\"https:\/\/colombia.mapbiomas.org\/en\/atbd\/\">DOWNLOAD THE COMPLETE METHODOLOGY - ATBD<\/a><\/p>\n\n\n\n<p><strong>GENERAL CHARACTERISTICS<\/strong><\/p>\n\n\n\n<p>All of MapBiomas Colombia's annual land cover and land use maps were produced from pixel-by-pixel classification of Landsat satellite images. The entire process is carried out with machine learning algorithms through the Google Earth Engine platform, which offers immense processing capabilities in the cloud. To facilitate the parameterization of the algorithms and the organization of all processing stages, a total of 47 cards and 48 path and rows are used. Each card has dimensions of 1 x 1.5 degrees (lat\/long).<\/p>\n\n\n\n<figure class=\"wp-block-image aligncenter size-large block-display\"><img decoding=\"async\" src=\"https:\/\/colombia.mapbiomas.org\/wp-content\/uploads\/sites\/3\/2024\/09\/CARACTERISTICAS_GENERALES_EN.png\" alt=\"\"\/><\/figure>\n\n\n\n<p><strong>HOW WE ARE ORGANIZED<\/strong><\/p>\n\n\n\n<p>The methodological details and national categorization are organized by region (in the context of MapBiomas it corresponds to an approach to the regions of the country), and also through transversal themes that are detailed by specific methods from the perspective and technical capacity of the earth science specialists who are part of the project. You can find more details in the \u201cAbout us\u201d section.<\/p>\n\n\n\n<figure class=\"wp-block-image size-large\"><img decoding=\"async\" src=\"https:\/\/colombia.mapbiomas.org\/wp-content\/uploads\/sites\/3\/2024\/11\/biomas-transversales_EN-2024.png\" alt=\"\"\/><\/figure>\n\n\n\n<p><a href=\"https:\/\/drive.google.com\/file\/d\/1psEecD1oK2AA7v2R4VY7cHUP-nED3WAy\/view?usp=drive_link\"><\/a><\/p>\n\n\n\n<p><strong>OVERVIEW OF THE METHODOLOGY<\/strong><\/p>\n\n\n\n<p>The following diagram illustrates the main stages of the process of generating MapBiomas Colombia's annual land cover and use maps and transition maps.<\/p>\n\n\n\n<figure class=\"wp-block-image size-large\"><img decoding=\"async\" src=\"https:\/\/colombia.mapbiomas.org\/wp-content\/uploads\/sites\/3\/2024\/09\/DESCRIPCION-GENERAL-DE-LA-METODOLOGIA-EN.png\" alt=\"\"\/><\/figure>","protected":false},"excerpt":{"rendered":"<p>CONOZCA LOS PASOS DE LA METODOLOG\u00cdA MAPBIOMAS COLOMBIA Aqu\u00ed usted encontrar\u00e1 las principales caracter\u00edsticas, la forma de organizar el flujo metodol\u00f3gico y una descripci\u00f3n general de la metodolog\u00eda de MapBiomas Colombia empleada para generar los mapas de cobertura y uso del suelo y los mapas de transici\u00f3n\/cambio de uso del suelo. Usted puede acceder al [&hellip;]<\/p>","protected":false},"author":2,"featured_media":0,"parent":0,"menu_order":0,"comment_status":"closed","ping_status":"closed","template":"","meta":{"_uag_custom_page_level_css":""},"acf":[],"uagb_featured_image_src":{"full":false,"thumbnail":false,"medium":false,"medium_large":false,"large":false,"1536x1536":false,"2048x2048":false,"trp-custom-language-flag":false,"infographic":false,"team":false},"uagb_author_info":{"display_name":"Adriel Fernandes","author_link":"https:\/\/colombia.mapbiomas.org\/en\/author\/adriel-fernandes\/"},"uagb_comment_info":0,"uagb_excerpt":"CONOZCA LOS PASOS DE LA METODOLOG\u00cdA MAPBIOMAS COLOMBIA Aqu\u00ed usted encontrar\u00e1 las principales caracter\u00edsticas, la forma de organizar el flujo metodol\u00f3gico y una descripci\u00f3n general de la metodolog\u00eda de MapBiomas Colombia empleada para generar los mapas de cobertura y uso del suelo y los mapas de transici\u00f3n\/cambio de uso del suelo. Usted puede acceder al&hellip;","_links":{"self":[{"href":"https:\/\/colombia.mapbiomas.org\/en\/wp-json\/wp\/v2\/pages\/45"}],"collection":[{"href":"https:\/\/colombia.mapbiomas.org\/en\/wp-json\/wp\/v2\/pages"}],"about":[{"href":"https:\/\/colombia.mapbiomas.org\/en\/wp-json\/wp\/v2\/types\/page"}],"author":[{"embeddable":true,"href":"https:\/\/colombia.mapbiomas.org\/en\/wp-json\/wp\/v2\/users\/2"}],"replies":[{"embeddable":true,"href":"https:\/\/colombia.mapbiomas.org\/en\/wp-json\/wp\/v2\/comments?post=45"}],"version-history":[{"count":18,"href":"https:\/\/colombia.mapbiomas.org\/en\/wp-json\/wp\/v2\/pages\/45\/revisions"}],"predecessor-version":[{"id":1165,"href":"https:\/\/colombia.mapbiomas.org\/en\/wp-json\/wp\/v2\/pages\/45\/revisions\/1165"}],"wp:attachment":[{"href":"https:\/\/colombia.mapbiomas.org\/en\/wp-json\/wp\/v2\/media?parent=45"}],"curies":[{"name":"wp","href":"https:\/\/api.w.org\/{rel}","templated":true}]}}