{"id":43,"date":"2024-11-22T06:00:02","date_gmt":"2024-11-22T11:00:02","guid":{"rendered":"https:\/\/staging-colombia.mapbiomas.org\/?page_id=43"},"modified":"2025-10-07T14:13:51","modified_gmt":"2025-10-07T19:13:51","slug":"descripcion-general-de-la-metodologia","status":"publish","type":"page","link":"https:\/\/colombia.mapbiomas.org\/en\/descripcion-general-de-la-metodologia\/","title":{"rendered":"ATBD \u2013 Step by Step"},"content":{"rendered":"<h4 class=\"wp-block-heading\">GET TO KNOW THE STEPS OF THE MAPBIOMAS COLOMBIA METHODOLOGY<\/h4>\n\n\n\n<p>Here we detail the Mapbiomas Colombia methodology step by step. For each class and theme treated in the map, there are specific peculiarities and characteristics that can be checked in detail in the ATBD in its appendices.<\/p>\n\n\n\n<p><strong><a href=\"https:\/\/colombia.mapbiomas.org\/en\/atbd\/\">Access full methodology - ATBD<\/a><\/strong><\/p>\n\n\n\n<div class=\"wp-block-uagb-image uagb-block-5bdf2202 wp-block-uagb-image--layout-default wp-block-uagb-image--effect-static wp-block-uagb-image--align-none\"><figure class=\"wp-block-uagb-image__figure\"><img decoding=\"async\"  sizes=\"(max-width: 480px) 150px\" src=\"https:\/\/colombia.mapbiomas.org\/wp-content\/uploads\/sites\/3\/2025\/10\/grafico1_en2025.png\" alt=\"\" width=\"1600\" height=\"1030\" title=\"\" loading=\"lazy\"\/><\/figure><\/div>\n\n\n\n<p>Todo comienza con im\u00e1genes del sat\u00e9lite Landsat, con resoluci\u00f3n de 30 metros, disponibles de forma gratuita en la plataforma Google Earth Engine y con una serie temporal de 40 a\u00f1os. Se construyeron 4.480 mosaicos en todo el l\u00edmite nacional, cada uno con decenas de millones de p\u00edxeles en total. Estos p\u00edxeles son las unidades de trabajo de MapBiomas. Las im\u00e1genes pueden contener nubes, bruma y otras condiciones que pueden afectar su calidad. Para producir una imagen limpia se seleccionan los p\u00edxeles despejados de las im\u00e1genes disponibles para el per\u00edodo seleccionado. Para cada uno de estos p\u00edxeles se extraen m\u00e9tricas que explican el comportamiento del p\u00edxel en ese a\u00f1o. Esto se hace con cada una de las 7 bandas espectrales del sat\u00e9lite, as\u00ed como con las fracciones e \u00edndices espectrales calculados. Por ejemplo, para la Banda 1 se recoge la mediana de los valores de la banda en el per\u00edodo, el valor m\u00e1ximo, el valor m\u00ednimo en el a\u00f1o&nbsp; y la amplitud de variaci\u00f3n. Al final, cada p\u00edxel durante un a\u00f1o lleva hasta 156 capas de informaci\u00f3n.<\/p>\n\n\n\n<div class=\"wp-block-uagb-image uagb-block-a39fcea1 wp-block-uagb-image--layout-default wp-block-uagb-image--effect-static wp-block-uagb-image--align-none\"><figure class=\"wp-block-uagb-image__figure\"><img decoding=\"async\" srcset=\"https:\/\/colombia.mapbiomas.org\/wp-content\/uploads\/sites\/3\/2025\/10\/grafico2_en2025.png 11000w, https:\/\/colombia.mapbiomas.org\/wp-content\/uploads\/sites\/3\/2025\/10\/grafico2_en2025-300x167.png 300w, https:\/\/colombia.mapbiomas.org\/wp-content\/uploads\/sites\/3\/2025\/10\/grafico2_en2025-1024x568.png 1024w, https:\/\/colombia.mapbiomas.org\/wp-content\/uploads\/sites\/3\/2025\/10\/grafico2_en2025-768x426.png 768w, https:\/\/colombia.mapbiomas.org\/wp-content\/uploads\/sites\/3\/2025\/10\/grafico2_en2025-1536x853.png 1536w, https:\/\/colombia.mapbiomas.org\/wp-content\/uploads\/sites\/3\/2025\/10\/grafico2_en2025-2048x1137.png 2048w, https:\/\/colombia.mapbiomas.org\/wp-content\/uploads\/sites\/3\/2025\/10\/grafico2_en2025-18x10.png 18w\" sizes=\"(max-width: 480px) 150px\" src=\"https:\/\/colombia.mapbiomas.org\/wp-content\/uploads\/sites\/3\/2025\/10\/grafico2_en2025.png\" alt=\"\" class=\"uag-image-1694\" width=\"1024\" height=\"591\" title=\"\" loading=\"lazy\"\/><\/figure><\/div>\n\n\n\n<p>For each year, mosaics are created that cover all of Colombia, representing the behavior of each pixel through 156 layers of information. This set of tiles is saved as a data collection (ASSET) within the Google Earth Engine platform. The mosaics are used for different purposes, for example:<\/p>\n\n\n\n<ul>\n<li>Display of the reference image on the MapBiomas Colombia platform.<\/li>\n\n\n\n<li>Collection of training samples for the classification process.<\/li>\n\n\n\n<li>Evaluation and verification of results through visual interpretation.<\/li>\n\n\n\n<li>Visual analysis of calculated fractions and spectral indices.<\/li>\n<\/ul>\n\n\n\n<div class=\"wp-block-uagb-image uagb-block-9902bed8 wp-block-uagb-image--layout-default wp-block-uagb-image--effect-static wp-block-uagb-image--align-none\"><figure class=\"wp-block-uagb-image__figure\"><img decoding=\"async\" srcset=\"https:\/\/colombia.mapbiomas.org\/wp-content\/uploads\/sites\/3\/2025\/10\/grafico3_en2025.png 11000w, https:\/\/colombia.mapbiomas.org\/wp-content\/uploads\/sites\/3\/2025\/10\/grafico3_en2025-300x167.png 300w, https:\/\/colombia.mapbiomas.org\/wp-content\/uploads\/sites\/3\/2025\/10\/grafico3_en2025-1024x569.png 1024w, https:\/\/colombia.mapbiomas.org\/wp-content\/uploads\/sites\/3\/2025\/10\/grafico3_en2025-768x427.png 768w, https:\/\/colombia.mapbiomas.org\/wp-content\/uploads\/sites\/3\/2025\/10\/grafico3_en2025-1536x853.png 1536w, https:\/\/colombia.mapbiomas.org\/wp-content\/uploads\/sites\/3\/2025\/10\/grafico3_en2025-2048x1138.png 2048w, https:\/\/colombia.mapbiomas.org\/wp-content\/uploads\/sites\/3\/2025\/10\/grafico3_en2025-18x10.png 18w\" sizes=\"(max-width: 480px) 150px\" src=\"https:\/\/colombia.mapbiomas.org\/wp-content\/uploads\/sites\/3\/2025\/10\/grafico3_en2025.png\" alt=\"\" class=\"uag-image-1693\" width=\"1024\" height=\"569\" title=\"\" loading=\"lazy\"\/><\/figure><\/div>\n\n\n\n<p>From the image mosaics, the teams of each biome and each cross-sectional theme produce a map of each land cover class (forest, urban area, etc). To do so, MapBiomas analysts use an automatic classifier called \"random forest'' which runs on Google Earth Engine. This system is based on machine learning for each topic to be classified, the machines are \"trained\" with samples of the targets to be classified. These samples are obtained by means of reference maps generation of maps of stable classes and by direct collection by visual interpretation of the Landsat images. The classification is made for each of the years of the series and can be saved as a single map per class where each pixel has the number of layers corresponding to the number of years of the analyzed historical series.<\/p>\n\n\n\n<figure class=\"wp-block-image size-large\"><img decoding=\"async\" src=\"https:\/\/colombia.mapbiomas.org\/wp-content\/uploads\/sites\/3\/2025\/10\/grafico4_en2025.png\" alt=\"\"\/><\/figure>\n\n\n\n<p>The spatial filter aims to increase the spatial consistency of the data by eliminating isolated or border pixels. Neighborhood rules are defined that can lead to a change in pixel classification. For example, a pixel that has less than two out of the nine neighboring pixels in the same class will be reclassified to the predominant class in the neighborhood. Each panel in each year and for each class of use is subjected to spatial filtering.<\/p>\n\n\n\n<div class=\"wp-block-uagb-image uagb-block-0c78e5f5 wp-block-uagb-image--layout-default wp-block-uagb-image--effect-static wp-block-uagb-image--align-none\"><figure class=\"wp-block-uagb-image__figure\"><img decoding=\"async\" srcset=\"https:\/\/colombia.mapbiomas.org\/wp-content\/uploads\/sites\/3\/2025\/10\/grafico5_en2025.png 11000w, https:\/\/colombia.mapbiomas.org\/wp-content\/uploads\/sites\/3\/2025\/10\/grafico5_en2025-300x169.png 300w, https:\/\/colombia.mapbiomas.org\/wp-content\/uploads\/sites\/3\/2025\/10\/grafico5_en2025-1024x577.png 1024w, https:\/\/colombia.mapbiomas.org\/wp-content\/uploads\/sites\/3\/2025\/10\/grafico5_en2025-768x433.png 768w, https:\/\/colombia.mapbiomas.org\/wp-content\/uploads\/sites\/3\/2025\/10\/grafico5_en2025-1536x865.png 1536w, https:\/\/colombia.mapbiomas.org\/wp-content\/uploads\/sites\/3\/2025\/10\/grafico5_en2025-2048x1154.png 2048w, https:\/\/colombia.mapbiomas.org\/wp-content\/uploads\/sites\/3\/2025\/10\/grafico5_en2025-18x10.png 18w\" sizes=\"(max-width: 480px) 150px\" src=\"https:\/\/colombia.mapbiomas.org\/wp-content\/uploads\/sites\/3\/2025\/10\/grafico5_en2025.png\" alt=\"\" class=\"uag-image-1691\" width=\"1024\" height=\"577\" title=\"\" loading=\"lazy\"\/><\/figure><\/div>\n\n\n\n<p>Para reducir las inconsistencias temporales, especialmente los cambios imposibles o no permitidos en la cobertura y el uso (por ejemplo, Bosque natural &gt; No bosque &gt; Bosque natural) y corregir las fallas debido al exceso de nubes o falta de datos, se aplican reglas de filtro temporal. Cada bioma, tema o regi\u00f3n puede tener reglas de filtro temporal espec\u00edficas. En total en la Colecci\u00f3n 3 se aplicaron 3 reglas. El filtro temporal se aplica a cada p\u00edxel analizando todos los a\u00f1os de la Colecci\u00f3n (40 a\u00f1os).<\/p>\n\n\n\n<div class=\"wp-block-uagb-image uagb-block-4db2d8ac wp-block-uagb-image--layout-default wp-block-uagb-image--effect-static wp-block-uagb-image--align-none\"><figure class=\"wp-block-uagb-image__figure\"><img decoding=\"async\" srcset=\"https:\/\/colombia.mapbiomas.org\/wp-content\/uploads\/sites\/3\/2025\/10\/grafico6_en2025.png 11000w, https:\/\/colombia.mapbiomas.org\/wp-content\/uploads\/sites\/3\/2025\/10\/grafico6_en2025-300x167.png 300w, https:\/\/colombia.mapbiomas.org\/wp-content\/uploads\/sites\/3\/2025\/10\/grafico6_en2025-1024x569.png 1024w, https:\/\/colombia.mapbiomas.org\/wp-content\/uploads\/sites\/3\/2025\/10\/grafico6_en2025-768x427.png 768w, https:\/\/colombia.mapbiomas.org\/wp-content\/uploads\/sites\/3\/2025\/10\/grafico6_en2025-1536x853.png 1536w, https:\/\/colombia.mapbiomas.org\/wp-content\/uploads\/sites\/3\/2025\/10\/grafico6_en2025-2048x1138.png 2048w, https:\/\/colombia.mapbiomas.org\/wp-content\/uploads\/sites\/3\/2025\/10\/grafico6_en2025-18x10.png 18w\" sizes=\"(max-width: 480px) 150px\" src=\"https:\/\/colombia.mapbiomas.org\/wp-content\/uploads\/sites\/3\/2025\/10\/grafico6_en2025.png\" alt=\"\" class=\"uag-image-1690\" width=\"1024\" height=\"569\" title=\"\" loading=\"lazy\"\/><\/figure><\/div>\n\n\n\n<p>In this step, the maps of each class are integrated into a single map, which represents the coverage and land use of each territory for each year. Prevalence rules are applied: Thus, if the same pixel is classified into two distinct class maps, it is possible to define which one belongs to the final map. The prevalence rules may vary according to the peculiarities of the themes or regions. The integration is done for each year of the series and generates an integrated map for each year usually saved as a single ASSET with the number of annual layers of the period analyzed. The integrated map goes through a further step of spatial filtering to clean the edges and loose pixels as a consequence of the integration process.<\/p>\n\n\n\n<div class=\"wp-block-uagb-image uagb-block-8df14a90 wp-block-uagb-image--layout-default wp-block-uagb-image--effect-static wp-block-uagb-image--align-none\"><figure class=\"wp-block-uagb-image__figure\"><img decoding=\"async\" srcset=\"https:\/\/colombia.mapbiomas.org\/wp-content\/uploads\/sites\/3\/2025\/10\/grafico7_en2025.png 10998w, https:\/\/colombia.mapbiomas.org\/wp-content\/uploads\/sites\/3\/2025\/10\/grafico7_en2025-300x176.png 300w, https:\/\/colombia.mapbiomas.org\/wp-content\/uploads\/sites\/3\/2025\/10\/grafico7_en2025-1024x601.png 1024w, https:\/\/colombia.mapbiomas.org\/wp-content\/uploads\/sites\/3\/2025\/10\/grafico7_en2025-768x451.png 768w, https:\/\/colombia.mapbiomas.org\/wp-content\/uploads\/sites\/3\/2025\/10\/grafico7_en2025-1536x902.png 1536w, https:\/\/colombia.mapbiomas.org\/wp-content\/uploads\/sites\/3\/2025\/10\/grafico7_en2025-2048x1203.png 2048w, https:\/\/colombia.mapbiomas.org\/wp-content\/uploads\/sites\/3\/2025\/10\/grafico7_en2025-18x12.png 18w\" sizes=\"(max-width: 480px) 150px\" src=\"https:\/\/colombia.mapbiomas.org\/wp-content\/uploads\/sites\/3\/2025\/10\/grafico7_en2025.png\" alt=\"\" class=\"uag-image-1689\" width=\"1024\" height=\"573\" title=\"\" loading=\"lazy\"\/><\/figure><\/div>\n\n\n\n<p>To understand changes in land cover and land use, maps are produced with class transitions between different pairs of selected years. It is thus possible to visualize the dynamism of the territory, and answer questions such as how much of the forest has turned agriculture and pasture mosaic from one year to another, for example, among other changes in the landscape Transition maps are produced pixel by pixel and after finalized also pass through a spatial filter to eliminate isolated transition or border pixels. From these maps are constructed the transition matrices for each region, state, municipality and other territorial courts available on the MapBiomas Colombia platform.<\/p>","protected":false},"excerpt":{"rendered":"<p>CONOZCA LOS PASOS DE LA METODOLOG\u00cdA DE MAPBIOMAS COLOMBIA Aqu\u00ed detallamos la metodolog\u00eda de MapBiomas Colombia paso a paso. Para cada clase y tema tratado en el mapa, existen caracter\u00edsticas espec\u00edficas que se pueden consultar en detalle en el ATBD (Documento Base Te\u00f3rico de Algoritmos) y sus anexos. DESCARGAR LA METODOLOG\u00cdA COMPLETA &#8211; ATBD Todo [&hellip;]<\/p>","protected":false},"author":2,"featured_media":0,"parent":0,"menu_order":0,"comment_status":"closed","ping_status":"closed","template":"","meta":{"_uag_custom_page_level_css":""},"acf":[],"uagb_featured_image_src":{"full":false,"thumbnail":false,"medium":false,"medium_large":false,"large":false,"1536x1536":false,"2048x2048":false,"trp-custom-language-flag":false,"infographic":false,"team":false},"uagb_author_info":{"display_name":"Adriel Fernandes","author_link":"https:\/\/colombia.mapbiomas.org\/en\/author\/adriel-fernandes\/"},"uagb_comment_info":0,"uagb_excerpt":"CONOZCA LOS PASOS DE LA METODOLOG\u00cdA DE MAPBIOMAS COLOMBIA Aqu\u00ed detallamos la metodolog\u00eda de MapBiomas Colombia paso a paso. Para cada clase y tema tratado en el mapa, existen caracter\u00edsticas espec\u00edficas que se pueden consultar en detalle en el ATBD (Documento Base Te\u00f3rico de Algoritmos) y sus anexos. DESCARGAR LA METODOLOG\u00cdA COMPLETA &#8211; ATBD Todo&hellip;","_links":{"self":[{"href":"https:\/\/colombia.mapbiomas.org\/en\/wp-json\/wp\/v2\/pages\/43"}],"collection":[{"href":"https:\/\/colombia.mapbiomas.org\/en\/wp-json\/wp\/v2\/pages"}],"about":[{"href":"https:\/\/colombia.mapbiomas.org\/en\/wp-json\/wp\/v2\/types\/page"}],"author":[{"embeddable":true,"href":"https:\/\/colombia.mapbiomas.org\/en\/wp-json\/wp\/v2\/users\/2"}],"replies":[{"embeddable":true,"href":"https:\/\/colombia.mapbiomas.org\/en\/wp-json\/wp\/v2\/comments?post=43"}],"version-history":[{"count":22,"href":"https:\/\/colombia.mapbiomas.org\/en\/wp-json\/wp\/v2\/pages\/43\/revisions"}],"predecessor-version":[{"id":1701,"href":"https:\/\/colombia.mapbiomas.org\/en\/wp-json\/wp\/v2\/pages\/43\/revisions\/1701"}],"wp:attachment":[{"href":"https:\/\/colombia.mapbiomas.org\/en\/wp-json\/wp\/v2\/media?parent=43"}],"curies":[{"name":"wp","href":"https:\/\/api.w.org\/{rel}","templated":true}]}}