{"id":41,"date":"2023-07-21T19:11:22","date_gmt":"2023-07-21T19:11:22","guid":{"rendered":"https:\/\/staging-colombia.mapbiomas.org\/?page_id=41"},"modified":"2025-11-24T18:13:53","modified_gmt":"2025-11-24T23:13:53","slug":"descargas","status":"publish","type":"page","link":"https:\/\/colombia.mapbiomas.org\/en\/descargas\/","title":{"rendered":"Downloads"},"content":{"rendered":"<p>Aqu\u00ed puede descargar los mapas, datos estad\u00edsticos y mosaicos de im\u00e1genes Landsat de la Colecci\u00f3n 3 de MapBiomas Colombia<\/p>","protected":false},"excerpt":{"rendered":"<p>Aqu\u00ed puede descargar los mapas, datos estad\u00edsticos y mosaicos de im\u00e1genes Landsat de la Colecci\u00f3n 3 de MapBiomas Colombia<\/p>","protected":false},"author":2,"featured_media":0,"parent":0,"menu_order":0,"comment_status":"closed","ping_status":"closed","template":"page_download.php","meta":{"_uag_custom_page_level_css":""},"acf":[],"uagb_featured_image_src":{"full":false,"thumbnail":false,"medium":false,"medium_large":false,"large":false,"1536x1536":false,"2048x2048":false,"trp-custom-language-flag":false,"infographic":false,"team":false},"uagb_author_info":{"display_name":"Adriel Fernandes","author_link":"https:\/\/colombia.mapbiomas.org\/en\/author\/adriel-fernandes\/"},"uagb_comment_info":0,"uagb_excerpt":"Aqu\u00ed puede descargar los mapas, datos estad\u00edsticos y mosaicos de im\u00e1genes Landsat de la Colecci\u00f3n 3 de MapBiomas Colombia","_links":{"self":[{"href":"https:\/\/colombia.mapbiomas.org\/en\/wp-json\/wp\/v2\/pages\/41"}],"collection":[{"href":"https:\/\/colombia.mapbiomas.org\/en\/wp-json\/wp\/v2\/pages"}],"about":[{"href":"https:\/\/colombia.mapbiomas.org\/en\/wp-json\/wp\/v2\/types\/page"}],"author":[{"embeddable":true,"href":"https:\/\/colombia.mapbiomas.org\/en\/wp-json\/wp\/v2\/users\/2"}],"replies":[{"embeddable":true,"href":"https:\/\/colombia.mapbiomas.org\/en\/wp-json\/wp\/v2\/comments?post=41"}],"version-history":[{"count":4,"href":"https:\/\/colombia.mapbiomas.org\/en\/wp-json\/wp\/v2\/pages\/41\/revisions"}],"predecessor-version":[{"id":1746,"href":"https:\/\/colombia.mapbiomas.org\/en\/wp-json\/wp\/v2\/pages\/41\/revisions\/1746"}],"wp:attachment":[{"href":"https:\/\/colombia.mapbiomas.org\/en\/wp-json\/wp\/v2\/media?parent=41"}],"curies":[{"name":"wp","href":"https:\/\/api.w.org\/{rel}","templated":true}]}}