{"id":39,"date":"2024-11-22T06:00:01","date_gmt":"2024-11-22T11:00:01","guid":{"rendered":"https:\/\/staging-colombia.mapbiomas.org\/?page_id=39"},"modified":"2025-10-07T05:26:12","modified_gmt":"2025-10-07T10:26:12","slug":"estadisticas","status":"publish","type":"page","link":"https:\/\/colombia.mapbiomas.org\/en\/estadisticas\/","title":{"rendered":"Statistics"},"content":{"rendered":"<p>Here you can download the database of map statistics from MapBiomas Colombia, Collection 3.0:<\/p>\n\n\n\n<p><a href=\"https:\/\/storage.googleapis.com\/mapbiomas-public\/initiatives\/colombia\/collection_3\/statistics\/Statistics-for-Website-MB-Cobertura-col3.zip\" data-type=\"URL\" data-id=\"https:\/\/storage.googleapis.com\/mapbiomas-public\/initiatives\/colombia\/collection_3\/statistics\/Statistics-for-Website-MB-Cobertura-col3.zip\" target=\"_blank\" rel=\"noreferrer noopener\">COVERAGE:<\/a>Data on area in hectares (ha) of land cover and land use by region, biome, department, and municipality from 1985 to 2024.<\/p>\n\n\n\n<p><a href=\"https:\/\/storage.googleapis.com\/mapbiomas-public\/initiatives\/colombia\/collection_3\/statistics\/statistics_for_website_mb_colombia_transision_col3.zip\" data-type=\"URL\" data-id=\"https:\/\/storage.googleapis.com\/mapbiomas-public\/initiatives\/colombia\/collection_3\/statistics\/statistics_for_website_mb_colombia_transision_col3.zip\" target=\"_blank\" rel=\"noreferrer noopener\">TRANSITIONS:<\/a>Data on area in hectares (ha) of cover and land use transitions\/changes by region, biome, department, and municipality in selected periods between 1985 and 2024.<\/p>","protected":false},"excerpt":{"rendered":"<p>Aqu\u00ed puede descargar la base de datos de las estad\u00edsticas de mapas de MapBiomas Colombia de la Colecci\u00f3n 3.0: COBERTURA: Datos de \u00e1rea en hect\u00e1reas (ha) de cobertura y uso del suelo por regi\u00f3n, bioma, departamento, municipio de 1985 a 2024. TRANSICIONES: Datos de \u00e1rea en hect\u00e1reas (ha) de transiciones \/ cambios de cobertura y [&hellip;]<\/p>","protected":false},"author":2,"featured_media":0,"parent":0,"menu_order":0,"comment_status":"closed","ping_status":"closed","template":"","meta":{"_uag_custom_page_level_css":""},"acf":[],"uagb_featured_image_src":{"full":false,"thumbnail":false,"medium":false,"medium_large":false,"large":false,"1536x1536":false,"2048x2048":false,"trp-custom-language-flag":false,"infographic":false,"team":false},"uagb_author_info":{"display_name":"Adriel Fernandes","author_link":"https:\/\/colombia.mapbiomas.org\/en\/author\/adriel-fernandes\/"},"uagb_comment_info":0,"uagb_excerpt":"Aqu\u00ed puede descargar la base de datos de las estad\u00edsticas de mapas de MapBiomas Colombia de la Colecci\u00f3n 3.0: COBERTURA: Datos de \u00e1rea en hect\u00e1reas (ha) de cobertura y uso del suelo por regi\u00f3n, bioma, departamento, municipio de 1985 a 2024. TRANSICIONES: Datos de \u00e1rea en hect\u00e1reas (ha) de transiciones \/ cambios de cobertura y&hellip;","_links":{"self":[{"href":"https:\/\/colombia.mapbiomas.org\/en\/wp-json\/wp\/v2\/pages\/39"}],"collection":[{"href":"https:\/\/colombia.mapbiomas.org\/en\/wp-json\/wp\/v2\/pages"}],"about":[{"href":"https:\/\/colombia.mapbiomas.org\/en\/wp-json\/wp\/v2\/types\/page"}],"author":[{"embeddable":true,"href":"https:\/\/colombia.mapbiomas.org\/en\/wp-json\/wp\/v2\/users\/2"}],"replies":[{"embeddable":true,"href":"https:\/\/colombia.mapbiomas.org\/en\/wp-json\/wp\/v2\/comments?post=39"}],"version-history":[{"count":11,"href":"https:\/\/colombia.mapbiomas.org\/en\/wp-json\/wp\/v2\/pages\/39\/revisions"}],"predecessor-version":[{"id":1600,"href":"https:\/\/colombia.mapbiomas.org\/en\/wp-json\/wp\/v2\/pages\/39\/revisions\/1600"}],"wp:attachment":[{"href":"https:\/\/colombia.mapbiomas.org\/en\/wp-json\/wp\/v2\/media?parent=39"}],"curies":[{"name":"wp","href":"https:\/\/api.w.org\/{rel}","templated":true}]}}