{"id":36,"date":"2024-11-22T06:00:01","date_gmt":"2024-11-22T11:00:01","guid":{"rendered":"https:\/\/staging-colombia.mapbiomas.org\/?page_id=36"},"modified":"2024-11-26T10:24:20","modified_gmt":"2024-11-26T15:24:20","slug":"terminos-de-uso","status":"publish","type":"page","link":"https:\/\/colombia.mapbiomas.org\/en\/terminos-de-uso\/","title":{"rendered":"Term of use"},"content":{"rendered":"<div class=\"wp-block-media-text alignwide has-media-on-the-right is-stacked-on-mobile\" style=\"grid-template-columns:auto 23%\"><div class=\"wp-block-media-text__content\">\n<p><\/p>\n\n\n\n<p style=\"font-size:14px\">The MapBiomas data are public, open and free under Creative Commons <a rel=\"noreferrer noopener\" href=\"https:\/\/creativecommons.org\/licenses\/by\/4.0\/\" target=\"_blank\">CC-BY<\/a> license and by referencing the source observing the following format:<\/p>\n\n\n\n<p><\/p>\n<\/div><figure class=\"wp-block-media-text__media\"><img decoding=\"async\" loading=\"lazy\" width=\"961\" height=\"337\" src=\"https:\/\/colombia.mapbiomas.org\/wp-content\/uploads\/sites\/3\/2024\/11\/CC-BY.png\" alt=\"\" class=\"wp-image-1107 size-full\" srcset=\"https:\/\/colombia.mapbiomas.org\/wp-content\/uploads\/sites\/3\/2024\/11\/CC-BY.png 961w, https:\/\/colombia.mapbiomas.org\/wp-content\/uploads\/sites\/3\/2024\/11\/CC-BY-300x105.png 300w, https:\/\/colombia.mapbiomas.org\/wp-content\/uploads\/sites\/3\/2024\/11\/CC-BY-768x269.png 768w, https:\/\/colombia.mapbiomas.org\/wp-content\/uploads\/sites\/3\/2024\/11\/CC-BY-18x6.png 18w\" sizes=\"(max-width: 961px) 100vw, 961px\" \/><\/figure><\/div>\n\n\n\n<figure class=\"wp-block-image\"><img alt=\"\" \/><\/figure>\n\n\n\n<p>MapBiomas \u2013 Collection <strong>[version]<\/strong> of the <strong>[annual \/ monthly]<\/strong> series of Maps of <strong>[Land Cover and Use\/ Surface Water]<\/strong> of Colombia, accessed on <strong>[date]<\/strong> through the link: <strong>[LINK]<\/strong>\u201d<\/p>\n\n\n\n<p>Additionally, there are <a href=\"https:\/\/brasil.mapbiomas.org\/artigos-mapbiomas\/\">Scientific Articles from MapBiomas<\/a> that can be used for citation.<\/p>","protected":false},"excerpt":{"rendered":"<p>Los datos de MapBiomas son p\u00fablicos, abiertos y gratuitos bajo licencia Creative Commons CC-BY y referenciando la fuente observando el formato abajo: \u201cMapBiomas \u2013 Colecci\u00f3n [versi\u00f3n] de la Serie [anual\/mensual] de Mapas de [Cobertura y Uso del Suelo\/Superficie del agua] de Colombia, consultada el [fecha] a trav\u00e9s del enlace: [ENLACE]\u201d Adem\u00e1s, hay art\u00edculos cient\u00edficos de [&hellip;]<\/p>","protected":false},"author":2,"featured_media":0,"parent":0,"menu_order":0,"comment_status":"closed","ping_status":"closed","template":"","meta":{"_uag_custom_page_level_css":""},"acf":[],"uagb_featured_image_src":{"full":false,"thumbnail":false,"medium":false,"medium_large":false,"large":false,"1536x1536":false,"2048x2048":false,"trp-custom-language-flag":false,"infographic":false,"team":false},"uagb_author_info":{"display_name":"Adriel Fernandes","author_link":"https:\/\/colombia.mapbiomas.org\/en\/author\/adriel-fernandes\/"},"uagb_comment_info":0,"uagb_excerpt":"Los datos de MapBiomas son p\u00fablicos, abiertos y gratuitos bajo licencia Creative Commons CC-BY y referenciando la fuente observando el formato abajo: \u201cMapBiomas \u2013 Colecci\u00f3n [versi\u00f3n] de la Serie [anual\/mensual] de Mapas de [Cobertura y Uso del Suelo\/Superficie del agua] de Colombia, consultada el [fecha] a trav\u00e9s del enlace: [ENLACE]\u201d Adem\u00e1s, hay art\u00edculos cient\u00edficos de&hellip;","_links":{"self":[{"href":"https:\/\/colombia.mapbiomas.org\/en\/wp-json\/wp\/v2\/pages\/36"}],"collection":[{"href":"https:\/\/colombia.mapbiomas.org\/en\/wp-json\/wp\/v2\/pages"}],"about":[{"href":"https:\/\/colombia.mapbiomas.org\/en\/wp-json\/wp\/v2\/types\/page"}],"author":[{"embeddable":true,"href":"https:\/\/colombia.mapbiomas.org\/en\/wp-json\/wp\/v2\/users\/2"}],"replies":[{"embeddable":true,"href":"https:\/\/colombia.mapbiomas.org\/en\/wp-json\/wp\/v2\/comments?post=36"}],"version-history":[{"count":14,"href":"https:\/\/colombia.mapbiomas.org\/en\/wp-json\/wp\/v2\/pages\/36\/revisions"}],"predecessor-version":[{"id":1282,"href":"https:\/\/colombia.mapbiomas.org\/en\/wp-json\/wp\/v2\/pages\/36\/revisions\/1282"}],"wp:attachment":[{"href":"https:\/\/colombia.mapbiomas.org\/en\/wp-json\/wp\/v2\/media?parent=36"}],"curies":[{"name":"wp","href":"https:\/\/api.w.org\/{rel}","templated":true}]}}