{"id":322,"date":"2024-11-22T06:00:02","date_gmt":"2024-11-22T11:00:02","guid":{"rendered":"https:\/\/staging-colombia.mapbiomas.org\/?page_id=322"},"modified":"2026-02-09T07:50:48","modified_gmt":"2026-02-09T12:50:48","slug":"atbd","status":"publish","type":"page","link":"https:\/\/colombia.mapbiomas.org\/en\/atbd\/","title":{"rendered":"ATBD"},"content":{"rendered":"<h4 class=\"wp-block-heading\">ATBD (Algorithm Theoretical Base Document)<\/h4>\n\n\n\n<p>The ATBD (Algorithm Theory Base Document) describes the process of developing and producing the maps and algorithms used in the MapBiomas Colombia Collection 3.0. This document is constantly being updated to add new information that allows for a clear, simple, and detailed understanding of the classification process.<\/p>\n\n\n\n<p>For this collection, there is a general ATBD of MapBiomas Colombia, which mentions the standardized method applied simultaneously to the different classification regions, finally, you can find the appendix set detailing the methodological specifications for each class that was worked in a transversal way.<\/p>\n\n\n\n<h4 class=\"wp-block-heading\">ATBD GENERAL CLASSIFICATION MAPBIOMAS COLOMBIA<\/h4>\n\n\n\n<p>To know the general methodological details for the classification of Colombia, click on the following link:<\/p>\n\n\n\n<p><a rel=\"noreferrer noopener\" href=\"https:\/\/colombia.mapbiomas.org\/wp-content\/uploads\/sites\/3\/2024\/11\/Apendice-1-Colombia-Coleccion-2.0.pdf\" target=\"_blank\">ATBD GENERAL COLLECTION 2.O <\/a><\/p>\n\n\n\n<p><a href=\"https:\/\/colombia.mapbiomas.org\/wp-content\/uploads\/sites\/3\/2026\/02\/EN_Apendice-1-Colombia-Coleccion-3.0-1.pdf\" data-type=\"URL\" data-id=\"https:\/\/colombia.mapbiomas.org\/wp-content\/uploads\/sites\/3\/2025\/10\/Apendice_1_Colombia_Coleccion_3.pdf\" target=\"_blank\" rel=\"noreferrer noopener\">ATBD GENERAL COLECCI\u00d3N 3.O<\/a><\/p>\n\n\n\n<h4 class=\"wp-block-heading\">ATBD CLASSIFICATION BY TRANSVERSAL MAPBIOMAS COLOMBIA<\/h4>\n\n\n\n<p>To know the general methodological details for the classification of each transverse class of Colombia click on the following link:<\/p>\n\n\n\n<p><a href=\"https:\/\/colombia.mapbiomas.org\/wp-content\/uploads\/sites\/3\/2025\/10\/Apendice_Glaciares_y_Nivales_Coleccion_3.pdf\" data-type=\"URL\" data-id=\"https:\/\/colombia.mapbiomas.org\/wp-content\/uploads\/sites\/3\/2025\/10\/Apendice_Glaciares_y_Nivales_Coleccion_3.pdf\" target=\"_blank\" rel=\"noreferrer noopener\">GLACIER AND NIVAL<\/a><\/p>\n\n\n\n<p><a href=\"https:\/\/colombia.mapbiomas.org\/wp-content\/uploads\/sites\/3\/2025\/10\/Apendice_Mineria_Coleccion_3.pdf\" data-type=\"URL\" data-id=\"https:\/\/colombia.mapbiomas.org\/wp-content\/uploads\/sites\/3\/2025\/10\/Apendice_Mineria_Coleccion_3.pdf\" target=\"_blank\" rel=\"noreferrer noopener\">MINING<\/a><\/p>\n\n\n\n<p><a href=\"https:\/\/colombia.mapbiomas.org\/wp-content\/uploads\/sites\/3\/2025\/10\/Apendice_Infraestructura_Urbana_Coleccion_3.pdf\" data-type=\"URL\" data-id=\"https:\/\/colombia.mapbiomas.org\/wp-content\/uploads\/sites\/3\/2025\/10\/Apendice_Infraestructura_Urbana_Coleccion_3.pdf\" target=\"_blank\" rel=\"noreferrer noopener\">URBAN INFRASTRUCTURE<\/a><\/p>\n\n\n\n<p><a href=\"https:\/\/storage.googleapis.com\/mapbiomas-public\/initiatives\/colombia\/collection_3\/downloads\/Apendice_Coberturas_inundables_Coleccion_3.pdf\" data-type=\"URL\" data-id=\"https:\/\/storage.googleapis.com\/mapbiomas-public\/initiatives\/colombia\/collection_3\/downloads\/Apendice_Coberturas_inundables_Coleccion_3.pdf\" target=\"_blank\" rel=\"noreferrer noopener\">FLOOD COVERAGE<\/a><\/p>\n\n\n\n<p><a href=\"https:\/\/colombia.mapbiomas.org\/wp-content\/uploads\/sites\/3\/2025\/10\/Apendice_Manglares_Coleccion_3.pdf\" data-type=\"URL\" data-id=\"https:\/\/colombia.mapbiomas.org\/wp-content\/uploads\/sites\/3\/2025\/10\/Apendice_Manglares_Coleccion_3.pdf\" target=\"_blank\" rel=\"noreferrer noopener\">MANGROVE<\/a><\/p>\n\n\n\n<p><a href=\"https:\/\/colombia.mapbiomas.org\/wp-content\/uploads\/sites\/3\/2025\/10\/Apendice_Agricultura_Colombia_Coleccion_7.pdf\" data-type=\"URL\" data-id=\"https:\/\/colombia.mapbiomas.org\/wp-content\/uploads\/sites\/3\/2025\/10\/Apendice_Agricultura_Colombia_Coleccion_7.pdf\" target=\"_blank\" rel=\"noreferrer noopener\">AGRICULTURE<\/a><\/p>\n\n\n\n<p><a href=\"https:\/\/colombia.mapbiomas.org\/wp-content\/uploads\/sites\/3\/2025\/10\/Apendice_Pastos_Colombia_Coleccion_7.pdf\" data-type=\"URL\" data-id=\"https:\/\/colombia.mapbiomas.org\/wp-content\/uploads\/sites\/3\/2025\/10\/Apendice_Pastos_Colombia_Coleccion_7.pdf\" target=\"_blank\" rel=\"noreferrer noopener\">PASTURE<\/a><\/p>\n\n\n\n<p><a href=\"https:\/\/colombia.mapbiomas.org\/wp-content\/uploads\/sites\/3\/2025\/10\/Apendice_modulo_perdida_de_vegetacion.pdf\" data-type=\"URL\" data-id=\"https:\/\/colombia.mapbiomas.org\/wp-content\/uploads\/sites\/3\/2025\/10\/Apendice_modulo_perdida_de_vegetacion.pdf\" target=\"_blank\" rel=\"noreferrer noopener\">PERDIDA DE VEGETACI\u00d3N Y VEGETACI\u00d3N SECUNDARIA<\/a> (DOI: <a href=\"https:\/\/doi.org\/10.58053\/MapBiomas\/CA28GS\">https:\/\/doi.org\/10.58053\/MapBiomas\/CA28GS<\/a>)<\/p>\n\n\n\n<h4 class=\"wp-block-heading\"><strong>ATBD CLASSIFICATION MAPBIOMAS WATER<\/strong><\/h4>\n\n\n\n<p>To know the methodological details for the classification of water surface  of Colombia click on the following link:<\/p>\n\n\n\n<p><a href=\"https:\/\/colombia.mapbiomas.org\/wp-content\/uploads\/sites\/3\/2025\/11\/ATBD-AGUA-COLOMBIA-COLECCION-3-1.pdf\" data-type=\"URL\" data-id=\"https:\/\/colombia.mapbiomas.org\/wp-content\/uploads\/sites\/3\/2025\/11\/ATBD-AGUA-COLOMBIA-COLECCION-3-1.pdf\" target=\"_blank\" rel=\"noreferrer noopener\">SUPERFICIES DE AGUA<\/a><\/p>","protected":false},"excerpt":{"rendered":"<p>ATBD (Documento Base Te\u00f3rico de Algoritmos) El ATBD (Documento Base Te\u00f3rico de Algoritmos) describe el proceso de desarrollo y producci\u00f3n de los mapas y algoritmos utilizados en la Colecci\u00f3n 3.0 de MapBiomas Colombia. Este documento se encuentra en constante actualizaci\u00f3n para agregar nueva informaci\u00f3n que permita comprender de forma clara, sencilla y detallada lo realizado [&hellip;]<\/p>","protected":false},"author":2,"featured_media":0,"parent":0,"menu_order":0,"comment_status":"closed","ping_status":"closed","template":"","meta":{"_uag_custom_page_level_css":""},"acf":[],"uagb_featured_image_src":{"full":false,"thumbnail":false,"medium":false,"medium_large":false,"large":false,"1536x1536":false,"2048x2048":false,"trp-custom-language-flag":false,"infographic":false,"team":false},"uagb_author_info":{"display_name":"Adriel Fernandes","author_link":"https:\/\/colombia.mapbiomas.org\/en\/author\/adriel-fernandes\/"},"uagb_comment_info":0,"uagb_excerpt":"ATBD (Documento Base Te\u00f3rico de Algoritmos) El ATBD (Documento Base Te\u00f3rico de Algoritmos) describe el proceso de desarrollo y producci\u00f3n de los mapas y algoritmos utilizados en la Colecci\u00f3n 3.0 de MapBiomas Colombia. Este documento se encuentra en constante actualizaci\u00f3n para agregar nueva informaci\u00f3n que permita comprender de forma clara, sencilla y detallada lo realizado&hellip;","_links":{"self":[{"href":"https:\/\/colombia.mapbiomas.org\/en\/wp-json\/wp\/v2\/pages\/322"}],"collection":[{"href":"https:\/\/colombia.mapbiomas.org\/en\/wp-json\/wp\/v2\/pages"}],"about":[{"href":"https:\/\/colombia.mapbiomas.org\/en\/wp-json\/wp\/v2\/types\/page"}],"author":[{"embeddable":true,"href":"https:\/\/colombia.mapbiomas.org\/en\/wp-json\/wp\/v2\/users\/2"}],"replies":[{"embeddable":true,"href":"https:\/\/colombia.mapbiomas.org\/en\/wp-json\/wp\/v2\/comments?post=322"}],"version-history":[{"count":37,"href":"https:\/\/colombia.mapbiomas.org\/en\/wp-json\/wp\/v2\/pages\/322\/revisions"}],"predecessor-version":[{"id":1814,"href":"https:\/\/colombia.mapbiomas.org\/en\/wp-json\/wp\/v2\/pages\/322\/revisions\/1814"}],"wp:attachment":[{"href":"https:\/\/colombia.mapbiomas.org\/en\/wp-json\/wp\/v2\/media?parent=322"}],"curies":[{"name":"wp","href":"https:\/\/api.w.org\/{rel}","templated":true}]}}