{"id":30,"date":"2024-11-22T06:00:01","date_gmt":"2024-11-22T11:00:01","guid":{"rendered":"https:\/\/staging-colombia.mapbiomas.org\/?page_id=30"},"modified":"2025-10-04T11:28:24","modified_gmt":"2025-10-04T16:28:24","slug":"quienes-somos","status":"publish","type":"page","link":"https:\/\/colombia.mapbiomas.org\/en\/quienes-somos\/","title":{"rendered":"About us"},"content":{"rendered":"<p><strong>MapBiomas Colombia<\/strong> is an initiative of the Gaia Amazonas Foundation and was created in conjunction with the Amazon Network of Georeferenced Socio-Environmental Information (RAISG).<\/p>\n\n\n\n<p><strong><em>Co-Creators:<\/em><\/strong><\/p>\n\n\n\n<ul>\n<li>Fundaci\u00f3n Gaia Amazonas<\/li>\n\n\n\n<li>RAISG<\/li>\n\n\n\n<li>Universidad Nacional de Colombia<\/li>\n\n\n\n<li>Pontificia Universidad Javeriana<\/li>\n\n\n\n<li>Universidad del Rosario<\/li>\n\n\n\n<li>Centro Internacional de Agricultura Tropical (CIAT)<\/li>\n<\/ul>\n\n\n\n<p><strong><em>Technical collaboration:<\/em><\/strong><\/p>\n\n\n\n<ul>\n<li>UFG - Image Processing Laboratory and Geo (LAPIG)<\/li>\n\n\n\n<li>Universidad de Caldas<\/li>\n\n\n\n<li>Universidad Distrital Francisco Jos\u00e9 de Caldas<\/li>\n\n\n\n<li>Universidad de Nari\u00f1o<\/li>\n\n\n\n<li>Universidad Antonio Nari\u00f1o<\/li>\n\n\n\n<li>Universidad del Bosque<\/li>\n<\/ul>\n\n\n\n<p><strong><em>Technological Collaboration:<\/em><\/strong><\/p>\n\n\n\n<ul>\n<li>Google<\/li>\n\n\n\n<li>Ecostage<\/li>\n\n\n\n<li>Geodatin<\/li>\n<\/ul>\n\n\n\n<p><strong><em><strong><em>Institutional Support:<\/em><\/strong><\/em><\/strong><\/p>\n\n\n\n<ul>\n<li>Fundaci\u00f3n Avina<\/li>\n<\/ul>\n\n\n\n<p><strong><em><strong><em>Financing:<\/em><\/strong>:<\/em><\/strong><\/p>\n\n\n\n<ul>\n<li>Quadrature Climate Foundation<\/li>\n\n\n\n<li>Moore Foundation<\/li>\n\n\n\n<li>The Audacious Project<\/li>\n<\/ul>\n\n\n\n<p><strong><em>General Coordination of MapBiomas Colombia:<\/em><\/strong><\/p>\n\n\n\n<ul>\n<li>Adriana Rojas Su\u00e1rez &#8211; Fundaci\u00f3n Gaia Amazonas (FGA): <a rel=\"noreferrer noopener\" href=\"mailto:arojas@gaiaamazonas.org\" data-type=\"mailto\" data-id=\"mailto:arojas@gaiaamazonas.org\" target=\"_blank\">arojas@gaiaamazonas.org<\/a><\/li>\n<\/ul>\n\n\n\n<p><strong><em>Technical Coordination of MapBiomas Colombia:<\/em><\/strong><\/p>\n\n\n\n<ul>\n<li>Karen Andrea Huertas - Fundaci\u00f3n Gaia Amazonas (FGA): <a href=\"mailto:kahuertas@gaiaamazonas.org\">kahuertas@gaiaamazonas.org<\/a><\/li>\n<\/ul>\n\n\n\n<p class=\" translation-block\"><a href=\"http:\/\/mapbiomas.org\/pages\/about\/about-us\" target=\"_self\"> <\/a><a href=\"https:\/\/www.gaiaamazonas.org\/\" target=\"_self\">Click here<\/a> to learn about the Gaia Amazonas Foundation.<\/p>\n\n\n\n<p class=\" translation-block\"><a href=\"https:\/\/colombia.mapbiomas.org\/equipo\/\" target=\"_self\">Click here<\/a>  to meet the staff that makes up MapBiomas Colombia.<\/p>","protected":false},"excerpt":{"rendered":"<p>MapBiomas Colombia es una iniciativa de la Fundaci\u00f3n Gaia Amazonas, la red MapBiomas Network y la Red Amaz\u00f3nica de Informaci\u00f3n Socioambiental Georreferenciada (RAISG). Co-creadores: Colaboraci\u00f3n t\u00e9cnica: Colaboraci\u00f3n Tecnol\u00f3gica: Soporte institucional: Financiaci\u00f3n: Coordinaci\u00f3n General de MapBiomas Colombia: Coordinaci\u00f3n T\u00e9cnica de MapBiomas Colombia: Haga clic aqu\u00ed para conocer acerca de la Fundaci\u00f3n Gaia Amazonas. Haga clic aqu\u00ed [&hellip;]<\/p>","protected":false},"author":2,"featured_media":0,"parent":0,"menu_order":0,"comment_status":"closed","ping_status":"closed","template":"","meta":{"_uag_custom_page_level_css":""},"acf":[],"uagb_featured_image_src":{"full":false,"thumbnail":false,"medium":false,"medium_large":false,"large":false,"1536x1536":false,"2048x2048":false,"trp-custom-language-flag":false,"infographic":false,"team":false},"uagb_author_info":{"display_name":"Adriel Fernandes","author_link":"https:\/\/colombia.mapbiomas.org\/en\/author\/adriel-fernandes\/"},"uagb_comment_info":0,"uagb_excerpt":"MapBiomas Colombia es una iniciativa de la Fundaci\u00f3n Gaia Amazonas, la red MapBiomas Network y la Red Amaz\u00f3nica de Informaci\u00f3n Socioambiental Georreferenciada (RAISG). Co-creadores: Colaboraci\u00f3n t\u00e9cnica: Colaboraci\u00f3n Tecnol\u00f3gica: Soporte institucional: Financiaci\u00f3n: Coordinaci\u00f3n General de MapBiomas Colombia: Coordinaci\u00f3n T\u00e9cnica de MapBiomas Colombia: Haga clic aqu\u00ed para conocer acerca de la Fundaci\u00f3n Gaia Amazonas. Haga clic aqu\u00ed&hellip;","_links":{"self":[{"href":"https:\/\/colombia.mapbiomas.org\/en\/wp-json\/wp\/v2\/pages\/30"}],"collection":[{"href":"https:\/\/colombia.mapbiomas.org\/en\/wp-json\/wp\/v2\/pages"}],"about":[{"href":"https:\/\/colombia.mapbiomas.org\/en\/wp-json\/wp\/v2\/types\/page"}],"author":[{"embeddable":true,"href":"https:\/\/colombia.mapbiomas.org\/en\/wp-json\/wp\/v2\/users\/2"}],"replies":[{"embeddable":true,"href":"https:\/\/colombia.mapbiomas.org\/en\/wp-json\/wp\/v2\/comments?post=30"}],"version-history":[{"count":6,"href":"https:\/\/colombia.mapbiomas.org\/en\/wp-json\/wp\/v2\/pages\/30\/revisions"}],"predecessor-version":[{"id":1481,"href":"https:\/\/colombia.mapbiomas.org\/en\/wp-json\/wp\/v2\/pages\/30\/revisions\/1481"}],"wp:attachment":[{"href":"https:\/\/colombia.mapbiomas.org\/en\/wp-json\/wp\/v2\/media?parent=30"}],"curies":[{"name":"wp","href":"https:\/\/api.w.org\/{rel}","templated":true}]}}