{"id":28,"date":"2024-11-22T06:00:00","date_gmt":"2024-11-22T11:00:00","guid":{"rendered":"https:\/\/staging-colombia.mapbiomas.org\/?page_id=28"},"modified":"2025-10-07T05:07:30","modified_gmt":"2025-10-07T10:07:30","slug":"productos","status":"publish","type":"page","link":"https:\/\/colombia.mapbiomas.org\/en\/productos\/","title":{"rendered":"Products"},"content":{"rendered":"<p>The MapBiomas Colombia Project is a product that covers the entire Colombian. The collection of maps in this first version for Colombia is the outcome of the accumulated learning from six collections that have been applied in the MapBiomas Amazon project for monitoring the Amazon region (including its Andean component) and the development of methodological and technological tools that have been adapted to complete the mapping of the entire national territory.<\/p>\n\n\n\n<p>To date, the result achieved is the following collection:&nbsp;<\/p>\n\n\n\n<p>Collection 1.0 \u2013 Collection of maps of Colombia, for the period 1985-2022: 20 thematic coverage classes were mapped using the Random Forest classifier, 6 transversal layers were developed (published in November 2023).<\/p>\n\n\n\n<p>Collection 2.0 \u2013 Collection of maps of Colombia, for the period 1985-2023: 21 thematic coverage classes were mapped using the Random Forest classifier, 6 transversal layers were developed (published in november 2024).<\/p>\n\n\n\n<p>Collection 3.0 \u2013 Collection of maps of Colombia, for the period 1985-2024: 25 thematic coverage classes were mapped using the Random Forest classifier, 6 transversal layers were developed (published in October 2025).<\/p>\n\n\n\n<p><strong>ATTENTION:<\/strong><\/p>\n\n\n\n<ul>\n<li>The MapBiomas Colombia Collection 2.0 maps are a product that is evolving. When selecting data make sure you are always using the latest version available.&nbsp;<\/li>\n\n\n\n<li>It is recommended to use MapBiomas Colombia maps up to a scale of 1:100,000. Although it is possible to view them at a larger scale (1:50,000), we do not recommend using them at this scale according to the minimum mapping area of the product.<\/li>\n<\/ul>\n\n\n\n<p><strong>PRODUCTS AVAILABLE TO THE GENERAL PUBLIC<\/strong><\/p>\n\n\n\n<ul>\n<li><strong>Land cover and Land use maps:<\/strong> they are maps in matrix or raster format (30x30 meter pixel). The legend of these maps as well as the periods covered evolve throughout the collections. Access the maps <a href=\"https:\/\/colombia.mapbiomas.org\/en\/segunda-coleccion-de-mapbiomas-colombia\/\" data-type=\"URL\" data-id=\"https:\/\/colombia.mapbiomas.org\/segunda-coleccion-de-mapbiomas-colombia\/\" target=\"_blank\" rel=\"noreferrer noopener\">here<\/a>.<\/li>\n\n\n\n<li><strong>Satellite image mosaics:<\/strong> for each year, the historical series has a maximum spatial resolution of 30 meters formed by the composition of the pixels of the set of images from a certain period of time. The periods of the year in which the images are selected vary depending on the region of the country. The mosaics contain 153 layers of information made up of the original bands of the Landsat images, indices and spectral fractions derived from them. The mosaics can be viewed directly in Google Earth Engine. Access the mosaics <a href=\"https:\/\/colombia.mapbiomas.org\/en\/mosaicos-landsat\/\">here<br><\/a><strong>Public consultation web platform:<\/strong> MapBiomas Colombia makes available a set of data and information that contains, in addition to images, maps and statistics, analysis material through infographics, highlights derived from the country's Collection 3.0. Access the <a href=\"https:\/\/plataforma.colombia.mapbiomas.org\/\">platform<\/a><\/li>\n<\/ul>\n\n\n\n<p><strong>PRODUCTS FOR SPECIALISTS OR DEVELOPERS<\/strong><\/p>\n\n\n\n<ul>\n<li>Methodological documentation of the base theory of implemented algorithms (ATBD) where the flow of the detailed method is described including the specificities of each general and transversal class mapped. Access the methodology <a href=\"https:\/\/colombia.mapbiomas.org\/en\/descripcion-general-de-la-metodologia-2\/\">here<\/a><\/li>\n\n\n\n<li>Collection of processing and classification scripts <a href=\"https:\/\/github.com\/mapbiomas\" data-type=\"URL\" data-id=\"https:\/\/github.com\/mapbiomas\">here<\/a>.<\/li>\n\n\n\n<li>Collection of image parameterization scripts <a href=\"https:\/\/github.com\/mapbiomas\" data-type=\"URL\" data-id=\"https:\/\/github.com\/mapbiomas\">here<\/a>.<\/li>\n<\/ul>","protected":false},"excerpt":{"rendered":"<p>El Proyecto MapBiomas Colombia de cobertura y uso del suelo, es una iniciativa que incluye todo el territorio continental colombiano. La colecci\u00f3n de mapas de esta segunda versi\u00f3n para Colombia, es el resultado del aprendizaje acumulado tras seis colecciones que han sido aplicadas en el proyecto MapBiomas Amazon\u00eda para el monitoreo de la regi\u00f3n amaz\u00f3nica [&hellip;]<\/p>","protected":false},"author":2,"featured_media":0,"parent":0,"menu_order":0,"comment_status":"closed","ping_status":"closed","template":"","meta":{"_uag_custom_page_level_css":""},"acf":[],"uagb_featured_image_src":{"full":false,"thumbnail":false,"medium":false,"medium_large":false,"large":false,"1536x1536":false,"2048x2048":false,"trp-custom-language-flag":false,"infographic":false,"team":false},"uagb_author_info":{"display_name":"Adriel Fernandes","author_link":"https:\/\/colombia.mapbiomas.org\/en\/author\/adriel-fernandes\/"},"uagb_comment_info":0,"uagb_excerpt":"El Proyecto MapBiomas Colombia de cobertura y uso del suelo, es una iniciativa que incluye todo el territorio continental colombiano. La colecci\u00f3n de mapas de esta segunda versi\u00f3n para Colombia, es el resultado del aprendizaje acumulado tras seis colecciones que han sido aplicadas en el proyecto MapBiomas Amazon\u00eda para el monitoreo de la regi\u00f3n amaz\u00f3nica&hellip;","_links":{"self":[{"href":"https:\/\/colombia.mapbiomas.org\/en\/wp-json\/wp\/v2\/pages\/28"}],"collection":[{"href":"https:\/\/colombia.mapbiomas.org\/en\/wp-json\/wp\/v2\/pages"}],"about":[{"href":"https:\/\/colombia.mapbiomas.org\/en\/wp-json\/wp\/v2\/types\/page"}],"author":[{"embeddable":true,"href":"https:\/\/colombia.mapbiomas.org\/en\/wp-json\/wp\/v2\/users\/2"}],"replies":[{"embeddable":true,"href":"https:\/\/colombia.mapbiomas.org\/en\/wp-json\/wp\/v2\/comments?post=28"}],"version-history":[{"count":18,"href":"https:\/\/colombia.mapbiomas.org\/en\/wp-json\/wp\/v2\/pages\/28\/revisions"}],"predecessor-version":[{"id":1596,"href":"https:\/\/colombia.mapbiomas.org\/en\/wp-json\/wp\/v2\/pages\/28\/revisions\/1596"}],"wp:attachment":[{"href":"https:\/\/colombia.mapbiomas.org\/en\/wp-json\/wp\/v2\/media?parent=28"}],"curies":[{"name":"wp","href":"https:\/\/api.w.org\/{rel}","templated":true}]}}