{"id":273,"date":"2024-11-22T06:00:02","date_gmt":"2024-11-22T11:00:02","guid":{"rendered":"https:\/\/staging-colombia.mapbiomas.org\/?page_id=273"},"modified":"2025-10-07T07:33:28","modified_gmt":"2025-10-07T12:33:28","slug":"mosaicos-landsat","status":"publish","type":"page","link":"https:\/\/colombia.mapbiomas.org\/en\/mosaicos-landsat\/","title":{"rendered":"Landsat mosaic"},"content":{"rendered":"<p>The land cover and use classification of <strong>MapBiomas Colombia<\/strong> is based on Landsat mosaics. A mosaic has been produced for each of the years evaluated (1985-2024) through spatial and temporal integration pixel by pixel of the different Landsat scenes. As a strategy to improve classification results, the time intervals for the mosaics were defined based on the dry season or at the end of the year in the area where the greatest detection of land use surfaces was reflected.<br><br>The annual mosaics contain 141 variables, including spectral bands, some specific indices and fractions, topography, and elevation. For more information, refer to the <a href=\"https:\/\/colombia.mapbiomas.org\/en\/descripcion-general-de-la-metodologia\/\"><strong>General ATBD document.<\/strong>.<\/a><\/p>\n\n\n\n<p>You can access the annual mosaics from Collection 3.0 directly in Google Earth Engine through the public asset of the collection<\/p>\n\n\n\n<p><strong>projects\/mapbiomas-raisg\/MOSAICOS\/mosaics-6<\/strong><\/p>\n\n\n\n<p><strong>projects\/mapbiomas-colombia\/assets\/MOSAICOS\/mosaics-3<\/strong><\/p>\n\n\n\n<p><strong>projects\/mapbiomas-raisg\/MOSAICOS\/col-amazonia-pathrow<\/strong><\/p>\n\n\n\n<p class=\" translation-block\">To download Landsat mosaics from Mapbiomas Colombia, access the\n<strong> toolkit<\/strong>  on<a href=\"https:\/\/code.earthengine.google.com\/3b5f4e2d3c4e2692886ff3c358a20c5a\" target=\"_self\"> Google Earth Engine.<\/a><\/p>","protected":false},"excerpt":{"rendered":"<p>La clasificaci\u00f3n de cobertura y uso del suelo de MapBiomas Colombia se basa en mosaicos Landsat. Se ha producido un mosaico para cada uno de los a\u00f1os evaluados (1985-2024) mediante la integraci\u00f3n espacial y temporal p\u00edxel a p\u00edxel de las distintas escenas Landsat. Como estrategia para mejorar los resultados de la clasificaci\u00f3n, los intervalos temporales [&hellip;]<\/p>","protected":false},"author":2,"featured_media":0,"parent":0,"menu_order":0,"comment_status":"closed","ping_status":"closed","template":"","meta":{"_uag_custom_page_level_css":""},"acf":[],"uagb_featured_image_src":{"full":false,"thumbnail":false,"medium":false,"medium_large":false,"large":false,"1536x1536":false,"2048x2048":false,"trp-custom-language-flag":false,"infographic":false,"team":false},"uagb_author_info":{"display_name":"Adriel Fernandes","author_link":"https:\/\/colombia.mapbiomas.org\/en\/author\/adriel-fernandes\/"},"uagb_comment_info":0,"uagb_excerpt":"La clasificaci\u00f3n de cobertura y uso del suelo de MapBiomas Colombia se basa en mosaicos Landsat. Se ha producido un mosaico para cada uno de los a\u00f1os evaluados (1985-2024) mediante la integraci\u00f3n espacial y temporal p\u00edxel a p\u00edxel de las distintas escenas Landsat. Como estrategia para mejorar los resultados de la clasificaci\u00f3n, los intervalos temporales&hellip;","_links":{"self":[{"href":"https:\/\/colombia.mapbiomas.org\/en\/wp-json\/wp\/v2\/pages\/273"}],"collection":[{"href":"https:\/\/colombia.mapbiomas.org\/en\/wp-json\/wp\/v2\/pages"}],"about":[{"href":"https:\/\/colombia.mapbiomas.org\/en\/wp-json\/wp\/v2\/types\/page"}],"author":[{"embeddable":true,"href":"https:\/\/colombia.mapbiomas.org\/en\/wp-json\/wp\/v2\/users\/2"}],"replies":[{"embeddable":true,"href":"https:\/\/colombia.mapbiomas.org\/en\/wp-json\/wp\/v2\/comments?post=273"}],"version-history":[{"count":7,"href":"https:\/\/colombia.mapbiomas.org\/en\/wp-json\/wp\/v2\/pages\/273\/revisions"}],"predecessor-version":[{"id":1608,"href":"https:\/\/colombia.mapbiomas.org\/en\/wp-json\/wp\/v2\/pages\/273\/revisions\/1608"}],"wp:attachment":[{"href":"https:\/\/colombia.mapbiomas.org\/en\/wp-json\/wp\/v2\/media?parent=273"}],"curies":[{"name":"wp","href":"https:\/\/api.w.org\/{rel}","templated":true}]}}