{"id":266,"date":"2024-11-22T06:00:01","date_gmt":"2024-11-22T11:00:01","guid":{"rendered":"https:\/\/staging-colombia.mapbiomas.org\/?page_id=266"},"modified":"2024-11-22T13:43:54","modified_gmt":"2024-11-22T18:43:54","slug":"mapas-de-referencia","status":"publish","type":"page","link":"https:\/\/colombia.mapbiomas.org\/en\/mapas-de-referencia\/","title":{"rendered":"Reference Maps"},"content":{"rendered":"<p>Below, you will find the reference maps used in the classification of land cover and land use of MapBiomas Colombia.<\/p>","protected":false},"excerpt":{"rendered":"<p>Below, you will find the reference maps used in the classification of land cover and land use of MapBiomas Colombia.<\/p>","protected":false},"author":2,"featured_media":0,"parent":0,"menu_order":0,"comment_status":"closed","ping_status":"closed","template":"page_maps_and_references.php","meta":{"_uag_custom_page_level_css":""},"acf":[],"uagb_featured_image_src":{"full":false,"thumbnail":false,"medium":false,"medium_large":false,"large":false,"1536x1536":false,"2048x2048":false,"trp-custom-language-flag":false,"infographic":false,"team":false},"uagb_author_info":{"display_name":"Adriel Fernandes","author_link":"https:\/\/colombia.mapbiomas.org\/en\/author\/adriel-fernandes\/"},"uagb_comment_info":0,"uagb_excerpt":"A continuaci\u00f3n, encontrar\u00e1 los mapas de referencia utilizados en la clasificaci\u00f3n de coberturas y usos del suelo de MapBiomas Colombia.","_links":{"self":[{"href":"https:\/\/colombia.mapbiomas.org\/en\/wp-json\/wp\/v2\/pages\/266"}],"collection":[{"href":"https:\/\/colombia.mapbiomas.org\/en\/wp-json\/wp\/v2\/pages"}],"about":[{"href":"https:\/\/colombia.mapbiomas.org\/en\/wp-json\/wp\/v2\/types\/page"}],"author":[{"embeddable":true,"href":"https:\/\/colombia.mapbiomas.org\/en\/wp-json\/wp\/v2\/users\/2"}],"replies":[{"embeddable":true,"href":"https:\/\/colombia.mapbiomas.org\/en\/wp-json\/wp\/v2\/comments?post=266"}],"version-history":[{"count":4,"href":"https:\/\/colombia.mapbiomas.org\/en\/wp-json\/wp\/v2\/pages\/266\/revisions"}],"predecessor-version":[{"id":1160,"href":"https:\/\/colombia.mapbiomas.org\/en\/wp-json\/wp\/v2\/pages\/266\/revisions\/1160"}],"wp:attachment":[{"href":"https:\/\/colombia.mapbiomas.org\/en\/wp-json\/wp\/v2\/media?parent=266"}],"curies":[{"name":"wp","href":"https:\/\/api.w.org\/{rel}","templated":true}]}}