{"id":262,"date":"2024-11-22T06:00:02","date_gmt":"2024-11-22T11:00:02","guid":{"rendered":"https:\/\/staging-colombia.mapbiomas.org\/?page_id=262"},"modified":"2025-11-25T08:40:01","modified_gmt":"2025-11-25T13:40:01","slug":"segunda-coleccion-de-mapbiomas-colombia","status":"publish","type":"page","link":"https:\/\/colombia.mapbiomas.org\/en\/segunda-coleccion-de-mapbiomas-colombia\/","title":{"rendered":"THIRD COLLECTION OF MAPBIOMAS COLOMBIA"},"content":{"rendered":"<p>Thematic classifications are the result of Landsat mosaics processing and interpretation, from which land cover and land use maps are obtained for each year. Within the logic proposed by MapBiomas the maps will be updated every time there is an improvement in the classification algorithms. The classification methodology is dynamic and procedural, with the purpose of improving the classification of each typology.<\/p>\n\n\n\n<p>Here you will be able to access the annual maps of land cover and land use in Colombia organized by region, department, and year.<\/p>\n\n\n\n<ol>\n<li>Online navigation through the MapBiomas data platform:&nbsp;<\/li>\n<\/ol>\n\n\n\n<p><a href=\"https:\/\/plataforma.colombia.mapbiomas.org\">https:\/\/plataforma.colombia.mapbiomas.org<\/a><\/p>\n\n\n\n<p>Ahora es posible descargar los mapas y datos actuales directamente en la plataforma MapBiomas, en &#8220;Crear an\u00e1lisis&#8221;. Consulte las instrucciones sobre c\u00f3mo descargar los <a href=\"https:\/\/colombia.mapbiomas.org\/wp-content\/uploads\/sites\/3\/2025\/10\/how_to_download_maps_MapBiomas_platform_ES_EN_PT_v4.pdf\">mapas<\/a> and <a href=\"https:\/\/colombia.mapbiomas.org\/wp-content\/uploads\/sites\/3\/2025\/10\/How_to_download_statistics_from_MapBiomas_platform_v3_EN_PT_ES.pdf\" data-type=\"URL\" data-id=\"https:\/\/colombia.mapbiomas.org\/wp-content\/uploads\/sites\/3\/2025\/10\/How_to_download_statistics_from_MapBiomas_platform_v3_EN_PT_ES.pdf\">estad\u00edsticas<\/a> a trav\u00e9s de la plataforma.<\/p>\n\n\n\n<ol start=\"2\">\n<li>Descarga directa de los mapas de Cobertura y Uso del Suelo de la Colecci\u00f3n 3.0 en formato GeoTiff para cada a\u00f1o:<\/li>\n<\/ol>\n\n\n\n<p><a href=\"https:\/\/drive.google.com\/drive\/folders\/1J6FcSFzAAJLAIbFXWDA-Rq1GXCXM_M0F?usp=sharing\">https:\/\/drive.google.com\/drive\/folders\/1J6FcSFzAAJLAIbFXWDA-Rq1GXCXM_M0F?usp=sharing<\/a><\/p>\n\n\n\n<p>To download maps for other years, simply change the year at the end of the link (available from 1985 to 2024).<\/p>\n\n\n\n<ol start=\"3\">\n<li>Download by biome and any other desired geometry using the Toolkit prepared in Google Earth Engine (GEE):<\/li>\n<\/ol>\n\n\n\n<p><a href=\"https:\/\/code.earthengine.google.com\/?scriptPath=users%2Fmapbiomascolombia%2Fuser-toolkit%3Amapbiomas-user-toolkit-lulc.js\" data-type=\"URL\" data-id=\"https:\/\/code.earthengine.google.com\/?scriptPath=users%2Fmapbiomascolombia%2Fuser-toolkit%3Amapbiomas-user-toolkit-lulc.js\" target=\"_blank\" rel=\"noreferrer noopener\"><strong>mapbiomas-user-toolkit-l<\/strong><\/a><strong><a rel=\"noreferrer noopener\" href=\"https:\/\/code.earthengine.google.com\/?scriptPath=users%2Fmapbiomas%2Fuser-toolkit%3Amapbiomas-user-toolkit-water.js\" data-type=\"URL\" data-id=\"https:\/\/code.earthengine.google.com\/?scriptPath=users%2Fmapbiomas%2Fuser-toolkit%3Amapbiomas-user-toolkit-water.js\" target=\"_blank\">ulc<\/a><\/strong><a rel=\"noreferrer noopener\" href=\"https:\/\/code.earthengine.google.com\/?scriptPath=users%2Fmapbiomascolombia%2Fuser-toolkit%3Amapbiomas-user-toolkit-lulc.js\" data-type=\"URL\" data-id=\"https:\/\/code.earthengine.google.com\/?scriptPath=users%2Fmapbiomascolombia%2Fuser-toolkit%3Amapbiomas-user-toolkit-lulc.js\" target=\"_blank\">*<\/a><\/p>\n\n\n\n<p>Download by biome and any other desired geometry using the Toolkit - MapBiomas Water prepared in Google Earth Engine (GEE)<\/p>\n\n\n\n<p><strong><a href=\"https:\/\/code.earthengine.google.com\/?scriptPath=users%2Fmapbiomascolombia%2Fuser-toolkit%3Amapbiomas-water-user-toolkit-lulc.js\" data-type=\"URL\" data-id=\"https:\/\/code.earthengine.google.com\/?scriptPath=users%2Fmapbiomascolombia%2Fuser-toolkit%3Amapbiomas-water-user-toolkit-lulc.js\" target=\"_blank\" rel=\"noreferrer noopener\">mapbiomas-user-toolkit-water*<\/a><\/strong><\/p>\n\n\n\n<p>*To use this tool it is necessary to have an account on the <a href=\"https:\/\/earthengine.google.com\">Google Earth Engine<\/a> (free).<\/p>\n\n\n\n<p><strong>IMPORTANT: <\/strong>when composing a single mosaic or calculating statistics from the maps, you must take into account that:<\/p>\n\n\n\n<ul>\n<li>For area calculation, it is necessary to use an adequate metric projection.<\/li>\n\n\n\n<li>All data is in GeoTiff format and has LZW compression.&nbsp;<\/li>\n\n\n\n<li>To obtain the reference of the legend codes for each class, click here. <a href=\"https:\/\/colombia.mapbiomas.org\/en\/codigos-de-la-leyenda\/\"><strong>here<\/strong><\/a><strong>.<\/strong><\/li>\n\n\n\n<li>The annual maps are consolidated in a single file with several bands, where each band represents a year of the historical series (the 1st band corresponds to the first year of the series).<\/li>\n\n\n\n<li class=\" translation-block\">The international limits used by MapBiomas are those used by RAISG and may differ from files from other sources. The international boundary file used is available for download in the <a href=\"https:\/\/plataforma.colombia.mapbiomas.org\/\" target=\"_self\"><strong> platform<\/strong><\/a> section.<\/li>\n<\/ul>","protected":false},"excerpt":{"rendered":"<p>A partir de los mosaicos Landsat se obtienen las clasificaciones que resultan en los mapas tem\u00e1ticos de cobertura y uso del suelo para cada a\u00f1o, dentro de la l\u00f3gica propuesta por MapBiomas, los mapas ser\u00e1n actualizados cada vez que haya un perfeccionamiento en los algoritmos de clasificaci\u00f3n. La metodolog\u00eda de clasificaci\u00f3n es din\u00e1mica, con la [&hellip;]<\/p>","protected":false},"author":2,"featured_media":0,"parent":0,"menu_order":0,"comment_status":"closed","ping_status":"closed","template":"","meta":{"_uag_custom_page_level_css":""},"acf":[],"uagb_featured_image_src":{"full":false,"thumbnail":false,"medium":false,"medium_large":false,"large":false,"1536x1536":false,"2048x2048":false,"trp-custom-language-flag":false,"infographic":false,"team":false},"uagb_author_info":{"display_name":"Adriel Fernandes","author_link":"https:\/\/colombia.mapbiomas.org\/en\/author\/adriel-fernandes\/"},"uagb_comment_info":0,"uagb_excerpt":"A partir de los mosaicos Landsat se obtienen las clasificaciones que resultan en los mapas tem\u00e1ticos de cobertura y uso del suelo para cada a\u00f1o, dentro de la l\u00f3gica propuesta por MapBiomas, los mapas ser\u00e1n actualizados cada vez que haya un perfeccionamiento en los algoritmos de clasificaci\u00f3n. La metodolog\u00eda de clasificaci\u00f3n es din\u00e1mica, con la&hellip;","_links":{"self":[{"href":"https:\/\/colombia.mapbiomas.org\/en\/wp-json\/wp\/v2\/pages\/262"}],"collection":[{"href":"https:\/\/colombia.mapbiomas.org\/en\/wp-json\/wp\/v2\/pages"}],"about":[{"href":"https:\/\/colombia.mapbiomas.org\/en\/wp-json\/wp\/v2\/types\/page"}],"author":[{"embeddable":true,"href":"https:\/\/colombia.mapbiomas.org\/en\/wp-json\/wp\/v2\/users\/2"}],"replies":[{"embeddable":true,"href":"https:\/\/colombia.mapbiomas.org\/en\/wp-json\/wp\/v2\/comments?post=262"}],"version-history":[{"count":34,"href":"https:\/\/colombia.mapbiomas.org\/en\/wp-json\/wp\/v2\/pages\/262\/revisions"}],"predecessor-version":[{"id":1801,"href":"https:\/\/colombia.mapbiomas.org\/en\/wp-json\/wp\/v2\/pages\/262\/revisions\/1801"}],"wp:attachment":[{"href":"https:\/\/colombia.mapbiomas.org\/en\/wp-json\/wp\/v2\/media?parent=262"}],"curies":[{"name":"wp","href":"https:\/\/api.w.org\/{rel}","templated":true}]}}