{"id":240,"date":"2023-10-03T14:42:12","date_gmt":"2023-10-03T14:42:12","guid":{"rendered":"https:\/\/staging-colombia.mapbiomas.org\/?page_id=240"},"modified":"2025-11-24T18:45:02","modified_gmt":"2025-11-24T23:45:02","slug":"codigos-de-la-leyenda","status":"publish","type":"page","link":"https:\/\/colombia.mapbiomas.org\/en\/codigos-de-la-leyenda\/","title":{"rendered":"Legend codes"},"content":{"rendered":"<p>The legend codes and description of each class that appear in the Mapbiomas Colombia raster files are available at:<\/p>\n\n\n\n<p>Land cover and use legend code:<\/p>\n\n\n\n<ul>\n<li><a href=\"https:\/\/colombia.mapbiomas.org\/wp-content\/uploads\/sites\/3\/2024\/11\/Codigo-de-la-Leyenda-coleccion-1.pdf\" target=\"_blank\" rel=\"noreferrer noopener\"><strong>Collection 1.0<\/strong><\/a><\/li>\n\n\n\n<li><a rel=\"noreferrer noopener\" href=\"https:\/\/colombia.mapbiomas.org\/wp-content\/uploads\/sites\/3\/2024\/11\/Codigo-de-la-Leyenda-coleccion-2-1.pdf\" target=\"_blank\"><strong>Collection 2.0<\/strong><\/a><strong>&nbsp;<\/strong><\/li>\n\n\n\n<li><strong><a href=\"https:\/\/colombia.mapbiomas.org\/wp-content\/uploads\/sites\/3\/2025\/10\/Codigo-de-la-Leyenda-coleccion-3.pdf\" data-type=\"URL\" data-id=\"https:\/\/colombia.mapbiomas.org\/wp-content\/uploads\/sites\/3\/2025\/10\/Codigo-de-la-Leyenda-coleccion-3.pdf\" target=\"_blank\" rel=\"noreferrer noopener\">Collection 3.0<\/a>&nbsp;<\/strong><\/li>\n<\/ul>\n\n\n\n<p>Transitions legend code:<\/p>\n\n\n\n<ul>\n<li><strong><a rel=\"noreferrer noopener\" href=\"https:\/\/colombia.mapbiomas.org\/wp-content\/uploads\/sites\/3\/2024\/11\/Codigo-de-la-leyenda-Transiciones-1-1.pdf\" target=\"_blank\">Collection 1.0 y 2.0<\/a><\/strong><\/li>\n\n\n\n<li><strong><a rel=\"noreferrer noopener\" href=\"https:\/\/colombia.mapbiomas.org\/wp-content\/uploads\/sites\/3\/2025\/10\/Codigo-de-la-leyenda-transiciones-collecion-3.pdf\" data-type=\"URL\" data-id=\"https:\/\/colombia.mapbiomas.org\/wp-content\/uploads\/sites\/3\/2025\/10\/Codigo-de-la-leyenda-transiciones-collecion-3.pdf\" target=\"_blank\">Collection 3.0\u00a0<\/a><\/strong><\/li>\n<\/ul>\n\n\n\n<p>MapBiomas Water legend code:<\/p>\n\n\n\n<ul>\n<li><strong><a href=\"https:\/\/colombia.mapbiomas.org\/wp-content\/uploads\/sites\/3\/2025\/11\/Codigo-Leyenda-Coleccion-3-MB-AGUA.pdf\" data-type=\"URL\" data-id=\"https:\/\/colombia.mapbiomas.org\/wp-content\/uploads\/sites\/3\/2025\/11\/Codigo-Leyenda-Coleccion-3-MB-AGUA.pdf\" target=\"_blank\" rel=\"noreferrer noopener\">Collection 2.0 and  3.0<\/a><a rel=\"noreferrer noopener\" href=\"https:\/\/drive.google.com\/file\/d\/1Bj0Cyq515IMB0mB9eLr0b6u6xB-qMIjF\/view?usp=drive_link\" target=\"_blank\">.0<\/a><\/strong><\/li>\n<\/ul>\n\n\n\n<p>Legend description:<\/p>\n\n\n\n<ul>\n<li><a href=\"https:\/\/colombia.mapbiomas.org\/wp-content\/uploads\/sites\/3\/2024\/11\/LEGEND-DESCRIPTION-MAPBIOMAS-COLOMBIA-COLLECTION-1-Documentos-de-Google.pdf\"><strong>Collection 1.0<\/strong><\/a><\/li>\n\n\n\n<li><a href=\"https:\/\/colombia.mapbiomas.org\/wp-content\/uploads\/sites\/3\/2024\/11\/LEGEND-DESCRIPTION-MAPBIOMAS-COLOMBIA-COLLECTION-2.pdf\"><strong>Collection 2.0<\/strong><\/a><\/li>\n\n\n\n<li><strong><a href=\"https:\/\/colombia.mapbiomas.org\/wp-content\/uploads\/sites\/3\/2025\/10\/LEGEND-DESCRIPTION-MAPBIOMAS-COLOMBIA-COLLECTION-3.pdf\" data-type=\"URL\" data-id=\"https:\/\/colombia.mapbiomas.org\/wp-content\/uploads\/sites\/3\/2025\/10\/DESCRIPCION-DE-LA-LEYENDA-MAPBIOMAS-COLOMBIA-COLECCION-3.pdf\" target=\"_blank\" rel=\"noreferrer noopener\">Collection 3.0<\/a>&nbsp;<\/strong><\/li>\n<\/ul>\n\n\n\n<p>The RGB color palette of each legend class is available for use in <strong>ArcMap <\/strong>(<a href=\"https:\/\/colombia.mapbiomas.org\/wp-content\/uploads\/sites\/3\/2025\/10\/MapBiomas_Colombia_C3_2024_nivel1.lyr_.zip\" data-type=\"URL\" data-id=\"https:\/\/colombia.mapbiomas.org\/wp-content\/uploads\/sites\/3\/2025\/10\/MapBiomas_Colombia_C3_2024_nivel1.lyr_.zip\" target=\"_blank\" rel=\"noreferrer noopener\"><strong>Level 1<\/strong><\/a><strong> and <\/strong><a href=\"https:\/\/colombia.mapbiomas.org\/wp-content\/uploads\/sites\/3\/2025\/10\/MapBiomas_Colombia_C3_2024_nivel2.lyr_.zip\" data-type=\"URL\" data-id=\"https:\/\/colombia.mapbiomas.org\/wp-content\/uploads\/sites\/3\/2025\/10\/MapBiomas_Colombia_C3_2024_nivel2.lyr_.zip\" target=\"_blank\" rel=\"noreferrer noopener\"><strong>Level 2<\/strong><\/a>) and <strong>QGIS<\/strong> (<a href=\"https:\/\/colombia.mapbiomas.org\/wp-content\/uploads\/sites\/3\/2025\/10\/MapBiomas_Colombia_C3_2024_N1.qml_.zip\" data-type=\"URL\" data-id=\"https:\/\/colombia.mapbiomas.org\/wp-content\/uploads\/sites\/3\/2025\/10\/MapBiomas_Colombia_C3_2024_N1.qml_.zip\" target=\"_blank\" rel=\"noreferrer noopener\"><strong>Level 1<\/strong><\/a><strong> and<\/strong><a href=\"https:\/\/colombia.mapbiomas.org\/wp-content\/uploads\/sites\/3\/2025\/10\/MapBiomas_Colombia_C3_2024_N2.qml_.zip\" data-type=\"URL\" data-id=\"https:\/\/colombia.mapbiomas.org\/wp-content\/uploads\/sites\/3\/2025\/10\/MapBiomas_Colombia_C3_2024_N2.qml_.zip\" target=\"_blank\" rel=\"noreferrer noopener\"><strong> Level 2<\/strong><\/a>).<\/p>","protected":false},"excerpt":{"rendered":"<p>Los c\u00f3digos de la leyenda y la descripci\u00f3n de cada clase que aparecen en los archivos r\u00e1ster de Mapbiomas Colombia est\u00e1n disponibles en: C\u00f3digos de la leyenda de Cobertura y uso del suelo: C\u00f3digo de la leyenda de Transiciones C\u00f3digo de la leyenda de MapBiomas Agua: Descripci\u00f3n de la leyenda: La paleta de colores RGB [&hellip;]<\/p>","protected":false},"author":2,"featured_media":0,"parent":0,"menu_order":0,"comment_status":"closed","ping_status":"closed","template":"","meta":{"_uag_custom_page_level_css":""},"acf":[],"uagb_featured_image_src":{"full":false,"thumbnail":false,"medium":false,"medium_large":false,"large":false,"1536x1536":false,"2048x2048":false,"trp-custom-language-flag":false,"infographic":false,"team":false},"uagb_author_info":{"display_name":"Adriel Fernandes","author_link":"https:\/\/colombia.mapbiomas.org\/en\/author\/adriel-fernandes\/"},"uagb_comment_info":0,"uagb_excerpt":"Los c\u00f3digos de la leyenda y la descripci\u00f3n de cada clase que aparecen en los archivos r\u00e1ster de Mapbiomas Colombia est\u00e1n disponibles en: C\u00f3digos de la leyenda de Cobertura y uso del suelo: C\u00f3digo de la leyenda de Transiciones C\u00f3digo de la leyenda de MapBiomas Agua: Descripci\u00f3n de la leyenda: La paleta de colores RGB&hellip;","_links":{"self":[{"href":"https:\/\/colombia.mapbiomas.org\/en\/wp-json\/wp\/v2\/pages\/240"}],"collection":[{"href":"https:\/\/colombia.mapbiomas.org\/en\/wp-json\/wp\/v2\/pages"}],"about":[{"href":"https:\/\/colombia.mapbiomas.org\/en\/wp-json\/wp\/v2\/types\/page"}],"author":[{"embeddable":true,"href":"https:\/\/colombia.mapbiomas.org\/en\/wp-json\/wp\/v2\/users\/2"}],"replies":[{"embeddable":true,"href":"https:\/\/colombia.mapbiomas.org\/en\/wp-json\/wp\/v2\/comments?post=240"}],"version-history":[{"count":45,"href":"https:\/\/colombia.mapbiomas.org\/en\/wp-json\/wp\/v2\/pages\/240\/revisions"}],"predecessor-version":[{"id":1764,"href":"https:\/\/colombia.mapbiomas.org\/en\/wp-json\/wp\/v2\/pages\/240\/revisions\/1764"}],"wp:attachment":[{"href":"https:\/\/colombia.mapbiomas.org\/en\/wp-json\/wp\/v2\/media?parent=240"}],"curies":[{"name":"wp","href":"https:\/\/api.w.org\/{rel}","templated":true}]}}