{"id":214,"date":"2023-10-03T14:30:53","date_gmt":"2023-10-03T14:30:53","guid":{"rendered":"https:\/\/staging-colombia.mapbiomas.org\/?page_id=214"},"modified":"2025-10-14T17:01:09","modified_gmt":"2025-10-14T22:01:09","slug":"exactitud","status":"publish","type":"page","link":"https:\/\/colombia.mapbiomas.org\/en\/exactitud\/","title":{"rendered":"Accuracy"},"content":{"rendered":"<h4 class=\"wp-block-heading\"><strong><strong>ESTIMACIONES DE LA <strong>EXACTITUD<\/strong> DEL MAPEO DE LA COBERTURA DEL SUELO POR EL PROYECTO MAPBIOMAS<\/strong><\/strong><\/h4>\n\n\n\n<p>El an\u00e1lisis de exactitud es la principal forma de evaluar la calidad del mapeo realizado por MapBiomas. Adem\u00e1s de decir cu\u00e1l es la tasa de aciertos general, el an\u00e1lisis de exactitud tambi\u00e9n revela estimaciones de las tasas de aciertos y errores para cada clase asignada. MapBiomas evalu\u00f3 la exactitud global y para cada clase de uso y cobertura para todos los a\u00f1os entre 1985 y 2023.<\/p>\n\n\n\n<p>Las estimaciones de exactitud se basaron en la evaluaci\u00f3n de una muestra de p\u00edxeles, que llamamos la base de datos de referencia, que consta de ~ 71,500 muestras. El n\u00famero de p\u00edxeles en la base de datos de referencia fue predeterminado por t\u00e9cnicas de muestreo estad\u00edstico. En cada a\u00f1o, cada p\u00edxel de la base de datos de referencia fue evaluado por t\u00e9cnicos capacitados en interpretaci\u00f3n visual de im\u00e1genes Landsat. La evaluaci\u00f3n de exactitud se realiz\u00f3 utilizando m\u00e9tricas que comparan la clase asignada con la clase evaluada por los t\u00e9cnicos en la base de datos de referencia.<\/p>\n\n\n\n<p>En cada a\u00f1o, el an\u00e1lisis de exactitud se realiza a partir de la tabulaci\u00f3n cruzada de las frecuencias muestreadas de las clases mapeadas y reales, en el formato de la Tabla 1. Las frecuencias <em>ni,j<\/em> represent the number of pixels in the sample classified as class i, and evaluated as class j. The line marginal totals,<img decoding=\"async\" loading=\"lazy\" width=\"35\" height=\"24\" class=\"wp-image-232\" style=\"width: 35px\" src=\"https:\/\/colombia.mapbiomas.org\/wp-content\/uploads\/sites\/3\/2023\/10\/image1.png\" alt=\"\" srcset=\"https:\/\/colombia.mapbiomas.org\/wp-content\/uploads\/sites\/3\/2023\/10\/image1.png 35w, https:\/\/colombia.mapbiomas.org\/wp-content\/uploads\/sites\/3\/2023\/10\/image1-18x12.png 18w\" sizes=\"(max-width: 35px) 100vw, 35px\" \/> represent the number of samples mapped as class i, while the column marginal totals <img decoding=\"async\" loading=\"lazy\" width=\"36\" height=\"23\" class=\"wp-image-231\" style=\"width: 36px\" src=\"https:\/\/colombia.mapbiomas.org\/wp-content\/uploads\/sites\/3\/2023\/10\/image2.png\" alt=\"\" srcset=\"https:\/\/colombia.mapbiomas.org\/wp-content\/uploads\/sites\/3\/2023\/10\/image2.png 36w, https:\/\/colombia.mapbiomas.org\/wp-content\/uploads\/sites\/3\/2023\/10\/image2-18x12.png 18w\" sizes=\"(max-width: 36px) 100vw, 36px\" \/>&nbsp; represent the number of samples that were evaluated by the technicians as class j. Table 1 is commonly called the error matrix or confusion matrix.<\/p>\n\n\n\n<h4 class=\"wp-block-heading\">Table 1: Generic sample error matrix<\/h4>\n\n\n\n<figure class=\"wp-block-image size-large\"><img decoding=\"async\" src=\"https:\/\/colombia.mapbiomas.org\/wp-content\/uploads\/sites\/3\/2024\/05\/image12-1.png\" alt=\"\"\/><\/figure>\n\n\n\n<p>From the results in Table 1, the sample proportions in each cell of the table are estimated by <img decoding=\"async\" loading=\"lazy\" width=\"104\" height=\"39\" class=\"wp-image-229\" style=\"width: 104px\" src=\"https:\/\/colombia.mapbiomas.org\/wp-content\/uploads\/sites\/3\/2023\/10\/image3.png\" alt=\"\" srcset=\"https:\/\/colombia.mapbiomas.org\/wp-content\/uploads\/sites\/3\/2023\/10\/image3.png 104w, https:\/\/colombia.mapbiomas.org\/wp-content\/uploads\/sites\/3\/2023\/10\/image3-18x7.png 18w\" sizes=\"(max-width: 104px) 100vw, 104px\" \/> <img decoding=\"async\" loading=\"lazy\" width=\"34\" height=\"19\" class=\"wp-image-228\" style=\"width: 34px\" src=\"https:\/\/colombia.mapbiomas.org\/wp-content\/uploads\/sites\/3\/2023\/10\/image4.png\" alt=\"\" srcset=\"https:\/\/colombia.mapbiomas.org\/wp-content\/uploads\/sites\/3\/2023\/10\/image4.png 34w, https:\/\/colombia.mapbiomas.org\/wp-content\/uploads\/sites\/3\/2023\/10\/image4-18x10.png 18w\" sizes=\"(max-width: 34px) 100vw, 34px\" \/>The matrix of values <img decoding=\"async\" loading=\"lazy\" width=\"24\" height=\"20\" class=\"wp-image-227\" style=\"width: 24px\" src=\"https:\/\/colombia.mapbiomas.org\/wp-content\/uploads\/sites\/3\/2023\/10\/image6.png\" alt=\"\" srcset=\"https:\/\/colombia.mapbiomas.org\/wp-content\/uploads\/sites\/3\/2023\/10\/image6.png 24w, https:\/\/colombia.mapbiomas.org\/wp-content\/uploads\/sites\/3\/2023\/10\/image6-14x12.png 14w\" sizes=\"(max-width: 24px) 100vw, 24px\" \/> &nbsp;is used to estimate:<\/p>\n\n\n\n<ol>\n<li>La exactitud del usuario: son las estimaciones de las fracciones de p\u00edxeles de la asignaci\u00f3n, para cada clase, clasificadas correctamente. La exactitud del usuario est\u00e1 asociada con un error de comisi\u00f3n, que es el error cometido al asignar un p\u00edxel a la clase i, cuando pertenece a otra clase. La exactitud del usuario para la clase i se estima mediante <img decoding=\"async\" loading=\"lazy\" width=\"75\" height=\"21\" class=\"wp-image-226\" style=\"width: 75px\" src=\"https:\/\/colombia.mapbiomas.org\/wp-content\/uploads\/sites\/3\/2023\/10\/image7.png\" alt=\"\" srcset=\"https:\/\/colombia.mapbiomas.org\/wp-content\/uploads\/sites\/3\/2023\/10\/image7.png 75w, https:\/\/colombia.mapbiomas.org\/wp-content\/uploads\/sites\/3\/2023\/10\/image7-18x5.png 18w\" sizes=\"(max-width: 75px) 100vw, 75px\" \/> and the commission error by <img decoding=\"async\" loading=\"lazy\" width=\"43\" height=\"21\" class=\"wp-image-225\" style=\"width: 43px\" src=\"https:\/\/colombia.mapbiomas.org\/wp-content\/uploads\/sites\/3\/2023\/10\/image8.png\" alt=\"\" srcset=\"https:\/\/colombia.mapbiomas.org\/wp-content\/uploads\/sites\/3\/2023\/10\/image8.png 43w, https:\/\/colombia.mapbiomas.org\/wp-content\/uploads\/sites\/3\/2023\/10\/image8-18x9.png 18w\" sizes=\"(max-width: 43px) 100vw, 43px\" \/>These metrics are associated with the reliability of each classified class.<\/li>\n\n\n\n<li>Exactitud del productor: estas son las fracciones de muestra de p\u00edxeles de cada clase asignadas correctamente a sus clases por los clasificadores. La exactitud del productor est\u00e1 asociada con el error de omisi\u00f3n, que ocurre cuando no podemos asignar un p\u00edxel de clase j correctamente. La exactitud del productor para la clase j se estima por<img decoding=\"async\" loading=\"lazy\" width=\"73\" height=\"23\" class=\"wp-image-224\" style=\"width: 73px\" src=\"https:\/\/colombia.mapbiomas.org\/wp-content\/uploads\/sites\/3\/2023\/10\/image9.png\" alt=\"\" srcset=\"https:\/\/colombia.mapbiomas.org\/wp-content\/uploads\/sites\/3\/2023\/10\/image9.png 73w, https:\/\/colombia.mapbiomas.org\/wp-content\/uploads\/sites\/3\/2023\/10\/image9-18x6.png 18w\" sizes=\"(max-width: 73px) 100vw, 73px\" \/> and the omission error by <img decoding=\"async\" loading=\"lazy\" width=\"45\" height=\"22\" class=\"wp-image-223\" style=\"width: 45px\" src=\"https:\/\/colombia.mapbiomas.org\/wp-content\/uploads\/sites\/3\/2023\/10\/image10.png\" alt=\"\" srcset=\"https:\/\/colombia.mapbiomas.org\/wp-content\/uploads\/sites\/3\/2023\/10\/image10.png 45w, https:\/\/colombia.mapbiomas.org\/wp-content\/uploads\/sites\/3\/2023\/10\/image10-18x9.png 18w\" sizes=\"(max-width: 45px) 100vw, 45px\" \/>.&nbsp;Estas m\u00e9tricas est\u00e1n asociadas con la sensibilidad del clasificador, es decir, la capacidad de distinguir correctamente una clase particular de otras.<\/li>\n\n\n\n<li>Exactitud global: Es la estimaci\u00f3n de la proporci\u00f3n de correcci\u00f3n global de los clasificadores. La estimaci\u00f3n viene dada por <img decoding=\"async\" loading=\"lazy\" width=\"69\" height=\"39\" class=\"wp-image-222\" style=\"width: 69px\" src=\"https:\/\/colombia.mapbiomas.org\/wp-content\/uploads\/sites\/3\/2023\/10\/image12.png\" alt=\"\" srcset=\"https:\/\/colombia.mapbiomas.org\/wp-content\/uploads\/sites\/3\/2023\/10\/image12.png 69w, https:\/\/colombia.mapbiomas.org\/wp-content\/uploads\/sites\/3\/2023\/10\/image12-18x10.png 18w\" sizes=\"(max-width: 69px) 100vw, 69px\" \/>, La suma de la diagonal principal de la matriz de proporciones. El complemento de exactitud o el error total<img decoding=\"async\" loading=\"lazy\" width=\"52\" height=\"27\" class=\"wp-image-221\" style=\"width: 52px\" src=\"https:\/\/colombia.mapbiomas.org\/wp-content\/uploads\/sites\/3\/2023\/10\/image11.png\" alt=\"\" srcset=\"https:\/\/colombia.mapbiomas.org\/wp-content\/uploads\/sites\/3\/2023\/10\/image11.png 52w, https:\/\/colombia.mapbiomas.org\/wp-content\/uploads\/sites\/3\/2023\/10\/image11-18x9.png 18w\" sizes=\"(max-width: 52px) 100vw, 52px\" \/> is still decomposed into area (or quantity) disagreement and allocation disagreement<a href=\"http:\/\/mapbiomas.org\/pages\/accuracy-analysis#e1\">1<\/a>Area disagreement measures the fraction of the error attributed to the amount of area allocated incorrectly to the classes by the mapping, while the mismatch allocation to the ratio of<\/li>\n<\/ol>\n\n\n\n<p>The matrix also provides estimates of the different types of errors. For example, we show estimates of true class area composition in each mapping class. Thus, in addition to the hit rate of the class mapped as forest, for example, we also estimate the fraction of these areas that could be pasture or other classes of cover and land use, for each year. We understand that this level of transparency informs users and maximizes the potential of use across multiple types of users.<\/p>\n\n\n\n<p>1- <a href=\"https:\/\/www.tandfonline.com\/doi\/abs\/10.1080\/01431161.2011.552923\">Pontius Jr, R. G., &amp; Millones, M. (2011). Death to Kappa: birth of quantity disagreement and allocation disagreement for accuracy assessment. International Journal of Remote Sensing, 32(15), 4407-4429.<\/a><\/p>\n\n\n\n<hr class=\"wp-block-separator has-alpha-channel-opacity\"\/>\n\n\n\n<h4 class=\"wp-block-heading\"><strong><strong>ABOUT THE GRAPHICS<\/strong><\/strong><\/h4>\n\n\n\n<h4 class=\"wp-block-heading\"><strong><strong>OVERALL STATISTICS<\/strong><\/strong><\/h4>\n\n\n\n<p>Mostrar la exactitud total anual promedio y el error descompuesto en desacuerdo de \u00e1rea y de asignaci\u00f3n.<img decoding=\"async\" loading=\"lazy\" width=\"1456\" height=\"483\" class=\"wp-image-220\" src=\"https:\/\/colombia.mapbiomas.org\/wp-content\/uploads\/sites\/3\/2024\/05\/image15-1.png\" alt=\"\" srcset=\"https:\/\/colombia.mapbiomas.org\/wp-content\/uploads\/sites\/3\/2024\/05\/image15-1.png 889w, https:\/\/colombia.mapbiomas.org\/wp-content\/uploads\/sites\/3\/2024\/05\/image15-1-300x102.png 300w, https:\/\/colombia.mapbiomas.org\/wp-content\/uploads\/sites\/3\/2024\/05\/image15-1-768x261.png 768w, https:\/\/colombia.mapbiomas.org\/wp-content\/uploads\/sites\/3\/2024\/05\/image15-1-18x6.png 18w\" sizes=\"(max-width: 1456px) 100vw, 1456px\" \/><\/p>\n\n\n\n<h4 class=\"wp-block-heading\">Gr\u00e1fico 1. Gr\u00e1fico de exactitud anual total<\/h4>\n\n\n\n<p>Este gr\u00e1fico muestra la exactitud total y el error total por a\u00f1o. El error total se desglosa en desacuerdo de \u00e1rea y desacuerdo de asignaci\u00f3n. La exactitud se representa en la parte superior y los errores en la parte inferior del gr\u00e1fico.<\/p>\n\n\n\n<figure class=\"wp-block-image size-large\"><img decoding=\"async\" src=\"https:\/\/colombia.mapbiomas.org\/wp-content\/uploads\/sites\/3\/2024\/05\/image14-1.png\" alt=\"\"\/><\/figure>\n\n\n\n<h4 class=\"wp-block-heading\">GRAPH 2. MATRIX OF ERROS:<\/h4>\n\n\n\n<p>Este gr\u00e1fico muestra la exactitud del usuario, el productor y la confusi\u00f3n entre clases, para cada a\u00f1o. El primero muestra las confusiones de cada clase asignada. El segundo muestra las confusiones de cada clase real.<\/p>\n\n\n\n<figure class=\"wp-block-image size-large\"><img decoding=\"async\" src=\"https:\/\/colombia.mapbiomas.org\/wp-content\/uploads\/sites\/3\/2024\/05\/image18-1.png\" alt=\"\"\/><\/figure>\n\n\n\n<figure class=\"wp-block-image size-large\"><img decoding=\"async\" src=\"https:\/\/colombia.mapbiomas.org\/wp-content\/uploads\/sites\/3\/2024\/05\/image17-1.png\" alt=\"\"\/><\/figure>\n\n\n\n<h4 class=\"wp-block-heading\">GRAPH 3. CLASS HISTORY:<\/h4>\n\n\n\n<p>Este cuadro le permite inspeccionar las confusiones de una clase en particular a lo largo del tiempo. Se muestra la exactitud del usuario y el productor para cada clase, junto con las confusiones en cada a\u00f1o.<\/p>\n\n\n\n<figure class=\"wp-block-image size-large\"><img decoding=\"async\" src=\"https:\/\/colombia.mapbiomas.org\/wp-content\/uploads\/sites\/3\/2024\/05\/image16-1.png\" alt=\"\"\/><\/figure>\n\n\n\n<figure class=\"wp-block-image size-large\"><img decoding=\"async\" src=\"https:\/\/colombia.mapbiomas.org\/wp-content\/uploads\/sites\/3\/2024\/05\/image13-1.png\" alt=\"\"\/><\/figure>\n\n\n\n<p><a href=\"https:\/\/colombia.mapbiomas.org\/en\/estadisticas-de-precision\/coleccion-1\/\">ACCESS THE ACCURACY STATISTICS PANEL FOR COLLECTION 3.0<\/a><\/p>","protected":false},"excerpt":{"rendered":"<p>ESTIMACIONES DE LA EXACTITUD DEL MAPEO DE LA COBERTURA DEL SUELO POR EL PROYECTO MAPBIOMAS El an\u00e1lisis de exactitud es la principal forma de evaluar la calidad del mapeo realizado por MapBiomas. Adem\u00e1s de decir cu\u00e1l es la tasa de aciertos general, el an\u00e1lisis de exactitud tambi\u00e9n revela estimaciones de las tasas de aciertos y [&hellip;]<\/p>","protected":false},"author":2,"featured_media":0,"parent":0,"menu_order":0,"comment_status":"closed","ping_status":"closed","template":"","meta":{"_uag_custom_page_level_css":""},"acf":[],"uagb_featured_image_src":{"full":false,"thumbnail":false,"medium":false,"medium_large":false,"large":false,"1536x1536":false,"2048x2048":false,"trp-custom-language-flag":false,"infographic":false,"team":false},"uagb_author_info":{"display_name":"Adriel Fernandes","author_link":"https:\/\/colombia.mapbiomas.org\/en\/author\/adriel-fernandes\/"},"uagb_comment_info":0,"uagb_excerpt":"ESTIMACIONES DE LA EXACTITUD DEL MAPEO DE LA COBERTURA DEL SUELO POR EL PROYECTO MAPBIOMAS El an\u00e1lisis de exactitud es la principal forma de evaluar la calidad del mapeo realizado por MapBiomas. Adem\u00e1s de decir cu\u00e1l es la tasa de aciertos general, el an\u00e1lisis de exactitud tambi\u00e9n revela estimaciones de las tasas de aciertos y&hellip;","_links":{"self":[{"href":"https:\/\/colombia.mapbiomas.org\/en\/wp-json\/wp\/v2\/pages\/214"}],"collection":[{"href":"https:\/\/colombia.mapbiomas.org\/en\/wp-json\/wp\/v2\/pages"}],"about":[{"href":"https:\/\/colombia.mapbiomas.org\/en\/wp-json\/wp\/v2\/types\/page"}],"author":[{"embeddable":true,"href":"https:\/\/colombia.mapbiomas.org\/en\/wp-json\/wp\/v2\/users\/2"}],"replies":[{"embeddable":true,"href":"https:\/\/colombia.mapbiomas.org\/en\/wp-json\/wp\/v2\/comments?post=214"}],"version-history":[{"count":21,"href":"https:\/\/colombia.mapbiomas.org\/en\/wp-json\/wp\/v2\/pages\/214\/revisions"}],"predecessor-version":[{"id":1721,"href":"https:\/\/colombia.mapbiomas.org\/en\/wp-json\/wp\/v2\/pages\/214\/revisions\/1721"}],"wp:attachment":[{"href":"https:\/\/colombia.mapbiomas.org\/en\/wp-json\/wp\/v2\/media?parent=214"}],"curies":[{"name":"wp","href":"https:\/\/api.w.org\/{rel}","templated":true}]}}