{"id":1815,"date":"2026-02-09T08:21:31","date_gmt":"2026-02-09T13:21:31","guid":{"rendered":"https:\/\/colombia.mapbiomas.org\/?page_id=1815"},"modified":"2026-04-10T09:21:07","modified_gmt":"2026-04-10T14:21:07","slug":"segunda-edicion-del-premio-mapbiomas-colombia","status":"publish","type":"page","link":"https:\/\/colombia.mapbiomas.org\/en\/segunda-edicion-del-premio-mapbiomas-colombia\/","title":{"rendered":"SECOND EDITION MAPBIOMAS COLOMBIA AWARDS"},"content":{"rendered":"<div class=\"wp-block-uagb-image aligncenter uagb-block-505ae811 wp-block-uagb-image--layout-default wp-block-uagb-image--effect-static wp-block-uagb-image--align-center\"><figure class=\"wp-block-uagb-image__figure\"><img decoding=\"async\" src=\"https:\/\/colombia.mapbiomas.org\/wp-content\/uploads\/sites\/3\/2026\/02\/Miniatura_Premio-MapBiomas-Segunda-Edicion-1-1024x255.png\" alt=\"\" class=\"uag-image-1809\" width=\"1024\" height=\"255\" title=\"\" loading=\"lazy\" \/><\/figure><\/div>\n\n\n\n<p><\/p>\n\n\n\n<p>The second edition of the MapBiomas Colombia Award, coordinated by the MapBiomas network in Colombia and led by the Gaia Amazonas Foundation, aims to promote research and the use of satellite monitoring data to contribute to the identification of socio-environmental issues and the planning of solutions from academia, civil society organizations, and government entities. We invite you to review the guidelines and submit your work.&nbsp;<\/p>\n\n\n\n<p><strong>The deadline for submissions is July 30, 2026.<\/strong><\/p>\n\n\n\n<p>[Read below for more information]<\/p>\n\n\n\n<div class=\"wp-block-uagb-container uagb-block-2320661a default uagb-is-root-container\">\n<div class=\"wp-block-uagb-container uagb-block-7d5ae591\">\n<div class=\"wp-block-uagb-container uagb-block-bf1b6994\">\n<div class=\"wp-block-buttons is-content-justification-right is-layout-flex wp-container-1\">\n<div class=\"wp-block-button has-custom-width wp-block-button__width-75 is-style-info\" id=\"https:\/\/colombia.mapbiomas.org\/wp-content\/uploads\/sites\/3\/2025\/04\/Bases-1era-Edicion-Premio-MapBiomas-Colombia-2025.pdf\"><a class=\"wp-block-button__link wp-element-button\" href=\"https:\/\/colombia.mapbiomas.org\/wp-content\/uploads\/sites\/3\/2026\/02\/Bases-Segunda-Edicion-Premio-MapBiomas-Colombia-2026.pdf\" target=\"_blank\" rel=\"https:\/\/colombia.mapbiomas.org\/wp-content\/uploads\/sites\/3\/2025\/04\/Bases-1era-Edicion-Premio-MapBiomas-Colombia-2025.pdf noopener\">Guidelines<\/a><\/div>\n<\/div>\n<\/div>\n\n\n\n<div class=\"wp-block-uagb-container uagb-block-7179051d\">\n<div class=\"wp-block-buttons is-content-justification-left is-layout-flex wp-container-2\" id=\"https:\/\/docs.google.com\/forms\/d\/e\/1FAIpQLScA0BoBx37JgCv_CoEHpSKWHdRuTZG3UMNgmFgQexAHFP6bzA\/viewform\">\n<div class=\"wp-block-button has-custom-width wp-block-button__width-75 is-style-info\" id=\"https:\/\/docs.google.com\/forms\/d\/e\/1FAIpQLScA0BoBx37JgCv_CoEHpSKWHdRuTZG3UMNgmFgQexAHFP6bzA\/viewform\"><a class=\"wp-block-button__link wp-element-button\" href=\"https:\/\/docs.google.com\/forms\/d\/e\/1FAIpQLSdCNYCFDZjXCwJCFwXEooJWcDbJNn8nH-2KY7B0BsgNf8fBIA\/viewform?usp=header\" target=\"_blank\" rel=\"https:\/\/docs.google.com\/forms\/d\/e\/1FAIpQLScA0BoBx37JgCv_CoEHpSKWHdRuTZG3UMNgmFgQexAHFP6bzA\/viewform noopener\">Submission form<\/a><\/div>\n<\/div>\n<\/div>\n<\/div>\n\n\n\n<div class=\"wp-block-uagb-container uagb-block-e5bd262c\">\n<div class=\"wp-block-buttons is-content-justification-center is-layout-flex wp-container-3\" id=\"https:\/\/colombia.mapbiomas.org\/wp-content\/uploads\/sites\/3\/2025\/04\/Preguntas-frecuentes-1er-Premio-MapBiomas-Colombia-2025.pdf\">\n<div class=\"wp-block-button has-custom-width wp-block-button__width-50 is-style-info\" id=\"https:\/\/colombia.mapbiomas.org\/wp-content\/uploads\/sites\/3\/2025\/04\/Preguntas-frecuentes-1er-Premio-MapBiomas-Colombia-2025.pdf\"><a class=\"wp-block-button__link wp-element-button\" href=\"https:\/\/colombia.mapbiomas.org\/wp-content\/uploads\/sites\/3\/2026\/04\/Preguntas-frecuentes-Segunda-Edicion-Premio-MapBiomas-Colombia-2026-1.pdf\" target=\"_blank\" rel=\"https:\/\/colombia.mapbiomas.org\/wp-content\/uploads\/sites\/3\/2025\/04\/Bases-1era-Edicion-Premio-MapBiomas-Colombia-2025.pdf noopener\">FAQ<\/a><\/div>\n<\/div>\n<\/div>\n<\/div>\n\n\n\n<p><strong>You may submit a work, either individually or in co-authorship, that uses data or products from MapBiomas Colombia in one of the following four categories:<\/strong><\/p>\n\n\n\n<p><strong>\u2192Academic Category: Works for research or educational purposes.<\/strong> Works for research or educational purposes.<\/p>\n\n\n\n<p><strong>- Public Policies Category <\/strong>Works that contribute to the formulation, implementation, or evaluation of public policies in the country.<\/p>\n\n\n\n<p><strong>\u2192Indigenous Peoples and Local Communities Category: <\/strong>Works carried out by members of local communities or Indigenous peoples that highlight and position their knowledge systems, territorial and environmental management practices, and\/or analyze issues affecting their territories and potential solutions.<\/p>\n\n\n\n<p><strong>- Journalistic research category: <\/strong>previously published journalistic works (articles, reports or special print, sound, audiovisual or multimedia) that use data from MapBiomas Colombia, standing out for methodological rigor, verification of sources and the pertinent use of information for analysis and visualization.<\/p>\n\n\n\n<p><strong>Who Can Apply?&nbsp;<\/strong><\/p>\n\n\n\n<p>University students, researchers and community leaders, technicians, graduates, postgraduates, teachers, professionals from private companies, civil society organizations, public managers, journalists among others, who are Colombian nationals or residents, are eligible to participate.<\/p>\n\n\n\n<p><strong>What Types of Works Can Be Submitted?<\/strong><\/p>\n\n\n\n<p>We accept works such as technical or scientific articles, academic papers, theses, posters, infographics, reports, applications (dashboards), and story maps, journalistic reports and special features submitted individually or in co-authorship.&nbsp;<\/p>\n\n\n\n<p><strong>How?&nbsp;<\/strong><\/p>\n\n\n\n<p>You can submit an individual or collective work through this <a href=\"https:\/\/docs.google.com\/forms\/d\/e\/1FAIpQLSdCNYCFDZjXCwJCFwXEooJWcDbJNn8nH-2KY7B0BsgNf8fBIA\/viewform?usp=header\">forms<\/a>.<\/p>\n\n\n\n<p><strong>Important to Note:<\/strong><\/p>\n\n\n\n<ol>\n<li>It is an essential requirement to use data or products from the MapBiomas Colombia initiative (land cover or water) and to correctly cite the source <a href=\"https:\/\/colombia.mapbiomas.org\/en\/terminos-de-uso\/\">according to specifications<\/a>&nbsp;<\/li>\n\n\n\n<li>In the submission <a href=\"https:\/\/docs.google.com\/forms\/d\/e\/1FAIpQLSdCNYCFDZjXCwJCFwXEooJWcDbJNn8nH-2KY7B0BsgNf8fBIA\/viewform?usp=header\">forms<\/a> &nbsp;you must attach the complete work in digital format (PDF). If the work uses algorithms or programming code, these must be publicly accessible or attached to the document.<\/li>\n\n\n\n<li>Applicants for the MapBiomas Award must authorize the Gaia Amazonas Foundation and the MapBiomas Colombia Network to publish and disseminate their works on the corresponding websites and public dissemination platforms if selected as winners. To this end, applicants must attach <a href=\"https:\/\/drive.google.com\/file\/d\/1g5uT2GoxSrD9l5dujcoQLOz_l3N_X8Vp\/view?usp=sharing\">el anexo 1<\/a> &nbsp;(in PDF format), duly signed, to the submission form.&nbsp;<\/li>\n\n\n\n<li>Applicants must also grant authorization to the Gaia Amazonas Foundation to process their personal data in accordance with the Personal Data Processing Policy: <a href=\"https:\/\/gaiaamazonas.org\/politica-de-datos\/\">https:\/\/gaiaamazonas.org\/politica-de-datos\/<\/a><\/li>\n\n\n\n<li>Works submitted to the MapBiomas Colombia Award that involve traditional and\/or ancestral knowledge must comply with current national and international regulations and jurisprudence regarding the protection of Indigenous Peoples\u2019 rights. In the event that such works are selected for dissemination and publication, the collective rights of Indigenous Peoples and their knowledge systems will be safeguarded.<\/li>\n<\/ol>\n\n\n\n<p><strong>When?&nbsp;<\/strong><\/p>\n\n\n\n<p>Before July 30, the submission deadline.<\/p>\n\n\n\n<p><strong>The Award<\/strong><\/p>\n\n\n\n<p>One winning work\u2014either individual or collective\u2014will be selected in each of the four categories. Each winning work will receive a prize of 5,000,000 Colombian pesos and a certificate issued by MapBiomas Colombia.<\/p>\n\n\n\n<p><strong>Why?<\/strong>&nbsp;<\/p>\n\n\n\n<p>This award has also been granted in other countries initiatives such as <a href=\"https:\/\/peru.mapbiomas.org\/premio-mapbiomas-peru\/\">Per\u00fa<\/a> , <a href=\"https:\/\/ecuador.mapbiomas.org\/primera-edicion-premios-mapbiomas-ecuador\/\">Ecuador<\/a>&nbsp; and <a href=\"https:\/\/brasil.mapbiomas.org\/premio-mapbiomas\/\">Brasil<\/a>establishing itself as an<strong> ncentive to promote research and the use of satellite monitoring<\/strong> data over a broad temporal scale, contributing to the identification of socio-environmental issues and the development of solutions from academia, civil society organizations, and government entities.<\/p>\n\n\n\n<p><strong>Questions?<\/strong>&nbsp;<\/p>\n\n\n\n<p>Check the document <a href=\"https:\/\/drive.google.com\/file\/d\/1OM7_GELh9ddK8tT52i3Jaa4lgJ0Xi1ix\/view?usp=sharing\">Frequently Asked Questions<\/a> If we have not yet resolved them, we invite you to contact us at <a href=\"mailto:mapbiomas.colombia@gmail.com\">mapbiomas.colombia@gmail.com<\/a>&nbsp;<\/p>\n\n\n\n<p>We also provide a <a href=\"https:\/\/www.youtube.com\/watch?v=JyQKqrZsRRE\">video tutorial<\/a>&nbsp; on how to use and download data from the platform.<\/p>\n\n\n\n<p>Review the <a href=\"https:\/\/drive.google.com\/file\/d\/1Yewnpj7eFkmuG0-jtptWd0PXE6JLhAU9\/view?usp=sharing\">award guidelines<\/a> for detailed information<\/p>","protected":false},"excerpt":{"rendered":"<p>La segunda edici\u00f3n del Premio MapBiomas Colombia, coordinado por la red MapBiomas en Colombia, liderada por la Fundaci\u00f3n Gaia Amazonas, tiene por objetivos promover la investigaci\u00f3n y el uso de datos de monitoreo satelital para aportar a la identificaci\u00f3n de problem\u00e1ticas socioambientales y el planeamiento de soluciones desde la academia, las organizaciones de la sociedad [&hellip;]<\/p>","protected":false},"author":5,"featured_media":0,"parent":0,"menu_order":0,"comment_status":"closed","ping_status":"closed","template":"","meta":{"_uag_custom_page_level_css":""},"acf":[],"uagb_featured_image_src":{"full":false,"thumbnail":false,"medium":false,"medium_large":false,"large":false,"1536x1536":false,"2048x2048":false,"trp-custom-language-flag":false,"infographic":false,"team":false},"uagb_author_info":{"display_name":"mayramilkovic","author_link":"https:\/\/colombia.mapbiomas.org\/en\/author\/mayramilkovic\/"},"uagb_comment_info":0,"uagb_excerpt":"La segunda edici\u00f3n del Premio MapBiomas Colombia, coordinado por la red MapBiomas en Colombia, liderada por la Fundaci\u00f3n Gaia Amazonas, tiene por objetivos promover la investigaci\u00f3n y el uso de datos de monitoreo satelital para aportar a la identificaci\u00f3n de problem\u00e1ticas socioambientales y el planeamiento de soluciones desde la academia, las organizaciones de la sociedad&hellip;","_links":{"self":[{"href":"https:\/\/colombia.mapbiomas.org\/en\/wp-json\/wp\/v2\/pages\/1815"}],"collection":[{"href":"https:\/\/colombia.mapbiomas.org\/en\/wp-json\/wp\/v2\/pages"}],"about":[{"href":"https:\/\/colombia.mapbiomas.org\/en\/wp-json\/wp\/v2\/types\/page"}],"author":[{"embeddable":true,"href":"https:\/\/colombia.mapbiomas.org\/en\/wp-json\/wp\/v2\/users\/5"}],"replies":[{"embeddable":true,"href":"https:\/\/colombia.mapbiomas.org\/en\/wp-json\/wp\/v2\/comments?post=1815"}],"version-history":[{"count":5,"href":"https:\/\/colombia.mapbiomas.org\/en\/wp-json\/wp\/v2\/pages\/1815\/revisions"}],"predecessor-version":[{"id":1838,"href":"https:\/\/colombia.mapbiomas.org\/en\/wp-json\/wp\/v2\/pages\/1815\/revisions\/1838"}],"wp:attachment":[{"href":"https:\/\/colombia.mapbiomas.org\/en\/wp-json\/wp\/v2\/media?parent=1815"}],"curies":[{"name":"wp","href":"https:\/\/api.w.org\/{rel}","templated":true}]}}