{"id":1402,"date":"2025-04-22T14:55:16","date_gmt":"2025-04-22T19:55:16","guid":{"rendered":"https:\/\/colombia.mapbiomas.org\/?page_id=1402"},"modified":"2026-02-12T09:48:01","modified_gmt":"2026-02-12T14:48:01","slug":"primera-edicion-del-premio-mapbiomas-colombia","status":"publish","type":"page","link":"https:\/\/colombia.mapbiomas.org\/en\/primera-edicion-del-premio-mapbiomas-colombia\/","title":{"rendered":"Primera Edici\u00f3n del Premio MapBiomas Colombia"},"content":{"rendered":"<div class=\"wp-block-uagb-container uagb-block-7d94c16c alignfull uagb-is-root-container\"><div class=\"uagb-container-inner-blocks-wrap\">\n<div class=\"wp-block-uagb-container uagb-block-7a080d4a\">\n<div class=\"wp-block-uagb-image uagb-block-a954b6a0 wp-block-uagb-image--layout-default wp-block-uagb-image--effect-static wp-block-uagb-image--align-none\"><figure class=\"wp-block-uagb-image__figure\"><img decoding=\"async\" src=\"https:\/\/colombia.mapbiomas.org\/wp-content\/uploads\/sites\/3\/2025\/04\/MapBiomas_Premios_Entrada_Web-1024x427.jpg\" alt=\"\" class=\"uag-image-1410\" width=\"1024\" height=\"427\" title=\"\" loading=\"lazy\" \/><\/figure><\/div>\n<\/div>\n<\/div><\/div>\n\n\n\n<p>The first edition of the MapBiomas Colombia Award, coordinated by the MapBiomas network in Colombia and led by the Gaia Amazonas Foundation, aims to promote research and the use of satellite monitoring data to contribute to the identification of socio-environmental issues and the planning of solutions from academia, civil society organizations, and government entities. We invite you to review the guidelines and submit your work.<\/p>\n\n\n\n<p class=\"has-text-align-center\"><strong>The deadline for submissions is <strong>September 1<\/strong> de 2025.<\/strong><\/p>\n\n\n\n<div class=\"wp-block-uagb-container uagb-block-2320661a default uagb-is-root-container\">\n<div class=\"wp-block-uagb-container uagb-block-7d5ae591\">\n<div class=\"wp-block-uagb-container uagb-block-bf1b6994\">\n<div class=\"wp-block-buttons is-content-justification-right is-layout-flex wp-container-1\">\n<div class=\"wp-block-button has-custom-width wp-block-button__width-75 is-style-info\" id=\"https:\/\/colombia.mapbiomas.org\/wp-content\/uploads\/sites\/3\/2025\/04\/Bases-1era-Edicion-Premio-MapBiomas-Colombia-2025.pdf\"><a class=\"wp-block-button__link wp-element-button\" href=\"https:\/\/colombia.mapbiomas.org\/wp-content\/uploads\/sites\/3\/2025\/05\/Bases-Primera-Edicion-Premio-MapBiomas-Colombia-2025.pdf\" target=\"_blank\" rel=\"https:\/\/colombia.mapbiomas.org\/wp-content\/uploads\/sites\/3\/2025\/04\/Bases-1era-Edicion-Premio-MapBiomas-Colombia-2025.pdf noopener\">Guidelines<\/a><\/div>\n<\/div>\n<\/div>\n\n\n\n<div class=\"wp-block-uagb-container uagb-block-7179051d\">\n<div class=\"wp-block-buttons is-content-justification-left is-layout-flex wp-container-2\" id=\"https:\/\/docs.google.com\/forms\/d\/e\/1FAIpQLScA0BoBx37JgCv_CoEHpSKWHdRuTZG3UMNgmFgQexAHFP6bzA\/viewform\">\n<div class=\"wp-block-button has-custom-width wp-block-button__width-75 is-style-info\" id=\"https:\/\/docs.google.com\/forms\/d\/e\/1FAIpQLScA0BoBx37JgCv_CoEHpSKWHdRuTZG3UMNgmFgQexAHFP6bzA\/viewform\"><a class=\"wp-block-button__link wp-element-button\" href=\"https:\/\/docs.google.com\/forms\/d\/1mcoHaJkU3g5hQEZ1swRw3ArbiynOL66BiOLVcor9eQY\/edit\" target=\"_blank\" rel=\"https:\/\/docs.google.com\/forms\/d\/e\/1FAIpQLScA0BoBx37JgCv_CoEHpSKWHdRuTZG3UMNgmFgQexAHFP6bzA\/viewform noopener\">Submission form<\/a><\/div>\n<\/div>\n<\/div>\n<\/div>\n\n\n\n<div class=\"wp-block-uagb-container uagb-block-e5bd262c\">\n<div class=\"wp-block-buttons is-content-justification-center is-layout-flex wp-container-3\" id=\"https:\/\/colombia.mapbiomas.org\/wp-content\/uploads\/sites\/3\/2025\/04\/Preguntas-frecuentes-1er-Premio-MapBiomas-Colombia-2025.pdf\">\n<div class=\"wp-block-button has-custom-width wp-block-button__width-50 is-style-info\" id=\"https:\/\/colombia.mapbiomas.org\/wp-content\/uploads\/sites\/3\/2025\/04\/Preguntas-frecuentes-1er-Premio-MapBiomas-Colombia-2025.pdf\"><a class=\"wp-block-button__link wp-element-button\" href=\"https:\/\/colombia.mapbiomas.org\/wp-content\/uploads\/sites\/3\/2025\/07\/Preguntas-frecuentes-1er-Premio-MapBiomas-Colombia-2025.docx.pdf\" target=\"_blank\" rel=\"https:\/\/colombia.mapbiomas.org\/wp-content\/uploads\/sites\/3\/2025\/04\/Bases-1era-Edicion-Premio-MapBiomas-Colombia-2025.pdf noopener\">FAQ<\/a><\/div>\n<\/div>\n<\/div>\n<\/div>\n\n\n\n<p><strong>You may submit a work, either individually or in co-authorship, that uses data or products from MapBiomas Colombia in one of the following three categories:<br><\/strong><\/p>\n\n\n\n<p>  \u2192&nbsp; <strong>Academic Category:<\/strong> Works for research or educational purposes.<\/p>\n\n\n\n<p>  \u2192  <strong>Public Policy Category:<\/strong> Works that contribute to the formulation, implementation, or evaluation of public policies in the country.<\/p>\n\n\n\n<p>  <strong>\u2192 <\/strong> <strong>Indigenous Peoples and Local Communities Category:<\/strong> Works carried out by members of local communities or Indigenous peoples that highlight and position their knowledge systems, territorial and environmental management practices, and\/or analyze issues affecting their territories and potential solutions.<\/p>\n\n\n\n<p><strong>Who Can Apply?&nbsp;<\/strong><\/p>\n\n\n\n<p>University students, researchers and community leaders, technicians, graduates, postgraduates, teachers, professionals from private companies, civil society organizations, public managers, among others, who are Colombian nationals or residents, are eligible to participate.<\/p>\n\n\n\n<p><strong>What Types of Works Can Be Submitted?<\/strong><\/p>\n\n\n\n<p>We accept works such as technical or scientific articles, academic papers, theses, posters, infographics, reports, applications (dashboards), and story maps, submitted individually or in co-authorship.&nbsp;<\/p>\n\n\n\n<p><strong>How?&nbsp;<\/strong><\/p>\n\n\n\n<p>You can submit an individual or collective work through this <strong><a href=\"https:\/\/docs.google.com\/forms\/d\/1mcoHaJkU3g5hQEZ1swRw3ArbiynOL66BiOLVcor9eQY\/edit\" target=\"_blank\" rel=\"noreferrer noopener\">forms<\/a><\/strong>.<\/p>\n\n\n\n<p><\/p>\n\n\n\n<p><strong>Important to Note:<\/strong><\/p>\n\n\n\n<ol>\n<li>It is an essential requirement to use data or products from the MapBiomas Colombia initiative (land cover or water) and to correctly cite the source <a href=\"https:\/\/colombia.mapbiomas.org\/en\/terminos-de-uso\/\">seg\u00fan estas especificaciones.&nbsp;<\/a><\/li>\n\n\n\n<li>In the submission <strong><a href=\"https:\/\/docs.google.com\/forms\/d\/1mcoHaJkU3g5hQEZ1swRw3ArbiynOL66BiOLVcor9eQY\/edit\" target=\"_blank\" rel=\"noreferrer noopener\">forms<\/a><\/strong> you must attach the complete work in digital format (PDF). If the work uses algorithms or programming code, these must be publicly accessible or attached to the document.<\/li>\n\n\n\n<li>Applicants for the MapBiomas Award must authorize the Gaia Amazonas Foundation and the MapBiomas Colombia Network to publish and disseminate their works on the corresponding websites and public dissemination platforms if selected as winners. To this end, applicants must attach<a href=\"https:\/\/colombia.mapbiomas.org\/wp-content\/uploads\/sites\/3\/2025\/05\/Anexo-1-Premio-MapBiomas-Colombia-2025.docx\"> el anexo 1<\/a> (in PDF format), duly signed, to the submission form.&nbsp;<\/li>\n\n\n\n<li>Applicants must also grant authorization to the Gaia Amazonas Foundation to process their personal data in accordance with the Personal Data Processing Policy: <a href=\"https:\/\/gaiaamazonas.org\/politica-de-datos\/\">https:\/\/gaiaamazonas.org\/politica-de-datos.&nbsp;<\/a><\/li>\n\n\n\n<li>Works submitted to the MapBiomas Colombia Award that involve traditional and\/or ancestral knowledge must comply with current national and international regulations and jurisprudence regarding the protection of Indigenous Peoples\u2019 rights. In the event that such works are selected for dissemination and publication, the collective rights of Indigenous Peoples and their knowledge systems will be safeguarded.<\/li>\n<\/ol>\n\n\n\n<p><strong>When?&nbsp;<\/strong><\/p>\n\n\n\n<p>Before September 1, the submission deadline.<\/p>\n\n\n\n<p><strong>The Award<\/strong><\/p>\n\n\n\n<p>One winning work\u2014either individual or collective\u2014will be selected in each of the three categories. Each winning work will receive a prize of 5,000,000 Colombian pesos and a certificate issued by MapBiomas Colombia.<\/p>\n\n\n\n<p><strong>Why?&nbsp;<\/strong><\/p>\n\n\n\n<p>This award has also been granted in other country initiatives such as<a href=\"https:\/\/peru.mapbiomas.org\/premio-mapbiomas-peru\/\"> Per\u00fa<\/a>, <a href=\"https:\/\/ecuador.mapbiomas.org\/primera-edicion-premios-mapbiomas-ecuador\/\">Ecuador<\/a> and <a href=\"https:\/\/brasil.mapbiomas.org\/premio-mapbiomas\/\">Brasil<\/a>establishing itself as an<strong> ncentive to promote research and the use of satellite monitoring <\/strong>data over a broad temporal scale, contributing to the identification of socio-environmental issues and the development of solutions from academia, civil society organizations, and government entities.<\/p>\n\n\n\n<p><strong>Questions?&nbsp;<\/strong><\/p>\n\n\n\n<p>Check the<a href=\"https:\/\/colombia.mapbiomas.org\/wp-content\/uploads\/sites\/3\/2026\/02\/Preguntas-frecuentes-Segunda-Edicion-Premio-MapBiomas-Colombia-2026.pdf\">Frequently Asked Questions<\/a>If your question is not answered there, we invite you to contact us at <a href=\"mailto:contato@mapbiomas.org\" data-type=\"mailto\" data-id=\"mailto:contato@mapbiomas.org\">mapbiomas.colombia@gmail.com<\/a><\/p>\n\n\n\n<p>We also provide a <a href=\"https:\/\/www.youtube.com\/watch?v=JyQKqrZsRRE\">videotutorial<\/a> on how to use and download data from the platform.<\/p>\n\n\n\n<p>Review the <a href=\"https:\/\/colombia.mapbiomas.org\/wp-content\/uploads\/sites\/3\/2026\/02\/Bases-Segunda-Edicion-Premio-MapBiomas-Colombia-2026.pdf\">award guidelines<\/a> for detailed information<\/p>\n\n\n\n<p><br><\/p>\n\n\n\n<p><\/p>\n\n\n\n<div class=\"wp-block-uagb-advanced-heading uagb-block-42e57425\"><h4 class=\"uagb-heading-text\"><strong>GET TO KNOW THE WINNERS OF THE FIRST EDITION OF MAPBIOMAS COLOMBIA AWARDS<\/strong><\/h4><\/div>\n\n\n\n<p><\/p>\n\n\n\n<p><\/p>\n\n\n\n<div class=\"wp-block-uagb-image uagb-block-2c473e07 wp-block-uagb-image--layout-default wp-block-uagb-image--effect-static wp-block-uagb-image--align-none\"><figure class=\"wp-block-uagb-image__figure\"><img decoding=\"async\" src=\"https:\/\/colombia.mapbiomas.org\/wp-content\/uploads\/sites\/3\/2026\/02\/Ganadores_Premio_MapBiomas_Colombia_PrimeraEdicion-768x1024.jpg\" alt=\"\" class=\"uag-image-1827\" width=\"1665\" height=\"2220\" title=\"\" loading=\"lazy\" \/><\/figure><\/div>\n\n\n\n<p><\/p>","protected":false},"excerpt":{"rendered":"<p>La primera edici\u00f3n del Premio MapBiomas Colombia, coordinada por la red MapBiomas en Colombia, liderada por la Fundaci\u00f3n Gaia Amazonas, tiene por objetivo promover la investigaci\u00f3n y el uso de datos de monitoreo satelital para aportar a la identificaci\u00f3n de problem\u00e1ticas socioambientales y el planteamiento de soluciones desde la academia, las organizaciones de la sociedad [&hellip;]<\/p>","protected":false},"author":26,"featured_media":0,"parent":0,"menu_order":0,"comment_status":"closed","ping_status":"closed","template":"","meta":{"_uag_custom_page_level_css":""},"acf":[],"uagb_featured_image_src":{"full":false,"thumbnail":false,"medium":false,"medium_large":false,"large":false,"1536x1536":false,"2048x2048":false,"trp-custom-language-flag":false,"infographic":false,"team":false},"uagb_author_info":{"display_name":"edegarbernardes","author_link":"https:\/\/colombia.mapbiomas.org\/en\/author\/edegarbernardes\/"},"uagb_comment_info":0,"uagb_excerpt":"La primera edici\u00f3n del Premio MapBiomas Colombia, coordinada por la red MapBiomas en Colombia, liderada por la Fundaci\u00f3n Gaia Amazonas, tiene por objetivo promover la investigaci\u00f3n y el uso de datos de monitoreo satelital para aportar a la identificaci\u00f3n de problem\u00e1ticas socioambientales y el planteamiento de soluciones desde la academia, las organizaciones de la sociedad&hellip;","_links":{"self":[{"href":"https:\/\/colombia.mapbiomas.org\/en\/wp-json\/wp\/v2\/pages\/1402"}],"collection":[{"href":"https:\/\/colombia.mapbiomas.org\/en\/wp-json\/wp\/v2\/pages"}],"about":[{"href":"https:\/\/colombia.mapbiomas.org\/en\/wp-json\/wp\/v2\/types\/page"}],"author":[{"embeddable":true,"href":"https:\/\/colombia.mapbiomas.org\/en\/wp-json\/wp\/v2\/users\/26"}],"replies":[{"embeddable":true,"href":"https:\/\/colombia.mapbiomas.org\/en\/wp-json\/wp\/v2\/comments?post=1402"}],"version-history":[{"count":32,"href":"https:\/\/colombia.mapbiomas.org\/en\/wp-json\/wp\/v2\/pages\/1402\/revisions"}],"predecessor-version":[{"id":1829,"href":"https:\/\/colombia.mapbiomas.org\/en\/wp-json\/wp\/v2\/pages\/1402\/revisions\/1829"}],"wp:attachment":[{"href":"https:\/\/colombia.mapbiomas.org\/en\/wp-json\/wp\/v2\/media?parent=1402"}],"curies":[{"name":"wp","href":"https:\/\/api.w.org\/{rel}","templated":true}]}}